{"id":1025,"date":"2020-07-10T18:13:25","date_gmt":"2020-07-10T16:13:25","guid":{"rendered":"http:\/\/iparralai.org\/?page_id=1025"},"modified":"2025-09-09T14:29:05","modified_gmt":"2025-09-09T12:29:05","slug":"bateria","status":"publish","type":"page","link":"https:\/\/www.iparralai.org\/index.php\/bateria\/","title":{"rendered":"Bateria &#8211; Batterie \/\/ Perkusioak &#8211; Percussions"},"content":{"rendered":"\r\n<p><strong><a href=\"https:\/\/www.iparralai.org\/?page_id=1707\">Formule C \/ D Formula : 475\u20ac \u2013\u00a0<\/a><a href=\"https:\/\/www.iparralai.org\/?page_id=1707\">Formule\u00a0<\/a><a href=\"https:\/\/www.iparralai.org\/?page_id=1707\">D\u2019\u00a0<\/a><a href=\"https:\/\/www.iparralai.org\/?page_id=1707\">Formula\u00a0<\/a><a href=\"https:\/\/www.iparralai.org\/?page_id=1707\">: 500\u20ac \u2013\u00a0<\/a><a href=\"https:\/\/www.iparralai.org\/?page_id=1707\">Formule\u00a0<\/a><a href=\"https:\/\/www.iparralai.org\/?page_id=1707\">E\u00a0<\/a><a href=\"https:\/\/www.iparralai.org\/?page_id=1707\">Formula\u00a0<\/a><a href=\"https:\/\/www.iparralai.org\/?page_id=1707\">: 350\u20ac \u2013\u00a0<\/a><a href=\"https:\/\/www.iparralai.org\/?page_id=1707\">Formule\u00a0<\/a><a href=\"https:\/\/www.iparralai.org\/?page_id=1707\">E\u2019\u00a0<\/a><a href=\"https:\/\/www.iparralai.org\/?page_id=1707\">Formula\u00a0<\/a><a href=\"https:\/\/www.iparralai.org\/?page_id=1707\">: 680\u20ac<\/a><\/strong><\/p>\r\n<div class=\"wp-block-columns\">\r\n<div class=\"wp-block-column\" style=\"flex-basis: 100%;\">\r\n\r\n\r\n<div class=\"wp-block-columns is-layout-flex wp-container-core-columns-is-layout-9d6595d7 wp-block-columns-is-layout-flex\">\r\n<div class=\"wp-block-column is-layout-flow wp-block-column-is-layout-flow\">\r\n<h4 class=\"wp-block-heading\"><strong>avec <\/strong>A. L. L.-<strong>rekin<\/strong><\/h4>\r\n\r\n\r\n\r\n<figure class=\"wp-block-image size-large\"><img fetchpriority=\"high\" decoding=\"async\" class=\"alignnone wp-image-3235 size-medium\" src=\"https:\/\/www.iparralai.org\/wp-content\/uploads\/2022\/06\/22-04-14-mjt-61-scaled-e1755523267976-300x281.jpg\" alt=\"\" width=\"300\" height=\"281\" srcset=\"https:\/\/www.iparralai.org\/wp-content\/uploads\/2022\/06\/22-04-14-mjt-61-scaled-e1755523267976-300x281.jpg 300w, https:\/\/www.iparralai.org\/wp-content\/uploads\/2022\/06\/22-04-14-mjt-61-scaled-e1755523267976-1024x959.jpg 1024w, https:\/\/www.iparralai.org\/wp-content\/uploads\/2022\/06\/22-04-14-mjt-61-scaled-e1755523267976-768x719.jpg 768w, https:\/\/www.iparralai.org\/wp-content\/uploads\/2022\/06\/22-04-14-mjt-61-scaled-e1755523267976-750x702.jpg 750w, https:\/\/www.iparralai.org\/wp-content\/uploads\/2022\/06\/22-04-14-mjt-61-scaled-e1755523267976.jpg 1260w\" sizes=\"(max-width: 300px) 100vw, 300px\" \/><br \/>\r\n<figcaption>A.L.L,<br \/>Bateria erakaslea, astelehena eta asteartea Donazaharren. Euskalduna eta frantsesduna<br \/><mark class=\"has-inline-color has-vivid-cyan-blue-color\" style=\"background-color: rgba(0, 0, 0, 0);\"><mark class=\"has-inline-color has-vivid-cyan-blue-color\" style=\"background-color: rgba(0, 0, 0, 0);\">Professeur de batterie les lundis et mardis \u00e0 Saint Jean le Vieux. Bascophone et francophone<\/mark><\/mark>\r\n<figure class=\"wp-block-image size-full\">\r\n<figcaption><mark class=\"has-inline-color has-vivid-cyan-blue-color\" style=\"background-color: rgba(0, 0, 0, 0);\"><\/mark><\/figcaption>\r\n<\/figure>\r\n<mark class=\"has-inline-color has-vivid-cyan-blue-color\" style=\"background-color: rgba(0, 0, 0, 0);\"><mark class=\"has-inline-color has-vivid-cyan-blue-color\" style=\"background-color: rgba(0, 0, 0, 0);\">\r\n\r\n<\/mark><\/mark>\r\n<blockquote class=\"wp-block-quote has-medium-font-size is-layout-flow wp-block-quote-is-layout-flow\">\r\n<blockquote class=\"wp-block-quote has-text-align-left\">\r\n<div><em><b>\u00a0\u00ab\u00a0Musikaltasuna sakontzeko eta perkusioaren sekretuak deskubritzeko aukera izango duzue<\/b><b>\u00a0!\u00a0\u00bb<\/b><\/em><\/div>\r\n<p><mark class=\"has-inline-color has-vivid-cyan-blue-color\" style=\"background-color: rgba(0, 0, 0, 0);\"><strong><em>\u00ab\u00a0Vous aurez la possibilit\u00e9 de creuser la musicalit\u00e9 et d\u00e9couvrir les secrets de la percussion !\u00bb\u00a0<\/em><\/strong><\/mark><\/p>\r\n<\/blockquote>\r\n<\/blockquote>\r\n<mark class=\"has-inline-color has-vivid-cyan-blue-color\" style=\"background-color: rgba(0, 0, 0, 0);\"><mark class=\"has-inline-color has-vivid-cyan-blue-color\" style=\"background-color: rgba(0, 0, 0, 0);\">\r\n\r\n<\/mark><\/mark>\r\n<div>A. Musikari multi-instrumentista, musika pedagogo eta musikoterapeuta da. Azken hamarkada honetan Garazikaldeko hainbat musika talde eta proiektutan aritu da eta Iparralai musika eskolan izan zen hainbat urtez trikitixa eta pandero irakasle gisa. Aurten A. bateriako kurtsoetako erakaslea izango da, berarekin, ikasleek beren musikaltasuna sakontzeko eta perkusioaren sekretuak deskubritzeko aukera izango dutelarik.<\/div>\r\n<mark class=\"has-inline-color has-vivid-cyan-blue-color\" style=\"background-color: rgba(0, 0, 0, 0);\"><mark class=\"has-inline-color has-vivid-cyan-blue-color\" style=\"background-color: rgba(0, 0, 0, 0);\">\r\n\r\n<\/mark><\/mark>\r\n<p class=\"has-text-align-right\" style=\"text-align: right;\"><span style=\"color: #00ccff;\">A. est multi-instrumentiste, musicien p\u00e9dagogue et musicoth\u00e9rapeuthe. Il a particip\u00e9 \u00e0 plusieurs projets et groupes de musique ces dix derni\u00e8res ann\u00e9es aux alentours de Garazi et a \u00e9t\u00e9 aussi\u00a0 professeur de triki et pandero \u00e0 Iparralai. Cette ann\u00e9e, A.<\/span><span style=\"color: #00ccff;\"> est professeur de batterie, et avec lui les \u00e9l\u00e8ves auront la possibilit\u00e9 d&rsquo;approfondir leur musicalit\u00e9 et de d\u00e9couvrir les secrets des percussions.<\/span><\/p>\r\n<p style=\"text-align: right;\">\u00a0<\/p>\r\n<p>&nbsp;<\/p>\r\n<\/figcaption>\r\n<\/figure>\r\n\r\n\r\n\r\n<div class=\"wp-block-columns is-layout-flex wp-container-core-columns-is-layout-9d6595d7 wp-block-columns-is-layout-flex\">\r\n<div class=\"wp-block-column is-layout-flow wp-block-column-is-layout-flow\">\u00a0<\/div>\r\n<\/div>\r\n<\/div>\r\n\r\n\r\n\r\n<div class=\"wp-block-column is-layout-flow wp-block-column-is-layout-flow\">\r\n<h4 class=\"wp-block-heading\"><strong>avec <\/strong>Miguel ETCHEVERRY-<strong>rekin<\/strong><\/h4>\r\n<p><span style=\"color: #ff0000;\">KLASEA HAU BETEA DA !! \u2014 CETTE CLASSE EST PLEINE !!<\/span><\/p>\r\n\r\n\r\n\r\n<figure class=\"wp-block-image size-full\"><img decoding=\"async\" width=\"989\" height=\"659\" class=\"wp-image-1040\" src=\"https:\/\/www.iparralai.org\/wp-content\/uploads\/2020\/07\/Miguel-2.jpg\" alt=\"\" srcset=\"https:\/\/www.iparralai.org\/wp-content\/uploads\/2020\/07\/Miguel-2.jpg 989w, https:\/\/www.iparralai.org\/wp-content\/uploads\/2020\/07\/Miguel-2-300x200.jpg 300w, https:\/\/www.iparralai.org\/wp-content\/uploads\/2020\/07\/Miguel-2-768x512.jpg 768w, https:\/\/www.iparralai.org\/wp-content\/uploads\/2020\/07\/Miguel-2-750x500.jpg 750w\" sizes=\"(max-width: 989px) 100vw, 989px\" \/>\r\n<figcaption>Miguel ETCHEVERRY,<br \/>Bateria eta perkusio erakaslea, asteartetan eta asteazkenetan Donazaharren. Euskalduna eta frantsesduna<br \/><mark class=\"has-inline-color has-vivid-cyan-blue-color\" style=\"background-color: rgba(0, 0, 0, 0);\">Professeur de batterie et percussions les mardis et mercredis \u00e0 Saint Jean le Vieux. Bascophone et francophone<\/mark><\/figcaption>\r\n<\/figure>\r\n\r\n\r\n\r\n<blockquote class=\"wp-block-quote has-medium-font-size is-layout-flow wp-block-quote-is-layout-flow\">\r\n<blockquote class=\"wp-block-quote has-text-align-left\">\r\n<p><em><strong>\u00ab\u00a0<\/strong>Parte hartzeko talde batean gaitasuna lortzea da helburua.\u00a0\u00bb<\/em><\/p>\r\n<p><mark class=\"has-inline-color has-vivid-cyan-blue-color\" style=\"background-color: rgba(0, 0, 0, 0);\"><strong><em>\u00ab\u00a0L\u2019objectif \u00e9tant la capacit\u00e9 de jouer en groupe le plus vite possible.\u00a0\u00bb\u00a0<\/em><\/strong><\/mark><\/p>\r\n<\/blockquote>\r\n<\/blockquote>\r\n\r\n\r\n\r\n<p>Bateriako klaseen bidez, instrumentaren teknika, koordinazioa, musikalitatea, baita ere gaurko musikaren laguntzak eta berezitasunak landuko ditugu, errepertorio herrikoia baita ere internazionala erabiliz.<\/p>\r\n<p>Miguel ETCHEVERRY kurtsoen lehenengo zatian, teklatuak eta larruen perkusioak landuko dira, eta, bigarrenean, bateria.<\/p>\r\n\r\n\r\n\r\n<p class=\"has-text-align-right\" style=\"text-align: right;\"><span style=\"color: #33cccc;\"><mark class=\"has-inline-color has-vivid-cyan-blue-color\" style=\"background-color: rgba(0, 0, 0, 0);\">Par le biais des cours de batterie, nous travaillerons sur la technique instrumentale, la coordination, la musicalit\u00e9 mais aussi sur les diff\u00e9rents accompagnements des grands styles des musiques actuelles \u00e0 l\u2019aide d\u2019un r\u00e9pertoire aussi bien local qu\u2019international. <\/mark><\/span><\/p>\r\n<p class=\"has-text-align-right\" style=\"text-align: right;\"><span style=\"color: #33cccc;\"><mark class=\"has-inline-color has-vivid-cyan-blue-color\" style=\"background-color: rgba(0, 0, 0, 0);\">Dans les cours de Miguel Etcheverry, la premi\u00e8re partie sera consacr\u00e9e aux claviers et percussions \u00e0 peaux, et la deuxi\u00e8me partie \u00e0 la batterie.<br \/><\/mark><\/span><\/p>\r\n<\/div>\r\n<\/div>\r\n\r\n\r\n\r\n<div class=\"wp-block-columns is-layout-flex wp-container-core-columns-is-layout-9d6595d7 wp-block-columns-is-layout-flex\">\r\n\r\n<\/div>\r\n<\/div>\r\n<\/div>","protected":false},"excerpt":{"rendered":"<p>Formule C \/ D Formula : 475\u20ac \u2013\u00a0Formule\u00a0D\u2019\u00a0Formula\u00a0: 500\u20ac \u2013\u00a0Formule\u00a0E\u00a0Formula\u00a0: 350\u20ac \u2013\u00a0Formule\u00a0E\u2019\u00a0Formula\u00a0: 680\u20ac avec A. L. L.-rekin \u00a0\u00ab\u00a0Musikaltasuna sakontzeko eta perkusioaren sekretuak deskubritzeko aukera izango duzue\u00a0!\u00a0\u00bb \u00ab\u00a0Vous aurez la possibilit\u00e9 de creuser la musicalit\u00e9 et d\u00e9couvrir les secrets de la percussion !\u00bb\u00a0 A. Musikari multi-instrumentista, musika pedagogo eta musikoterapeuta da. Azken hamarkada honetan Garazikaldeko hainbat&hellip;<a href=\"https:\/\/www.iparralai.org\/index.php\/bateria\/\" class=\"more-link\">Continue reading <span class=\"screen-reader-text\">Bateria &#8211; Batterie \/\/ Perkusioak &#8211; Percussions<\/span><\/a><\/p>\n","protected":false},"author":1,"featured_media":0,"parent":0,"menu_order":0,"comment_status":"closed","ping_status":"closed","template":"page_fullwidth.php","meta":{"footnotes":""},"class_list":["post-1025","page","type-page","status-publish","hentry"],"_links":{"self":[{"href":"https:\/\/www.iparralai.org\/index.php\/wp-json\/wp\/v2\/pages\/1025","targetHints":{"allow":["GET"]}}],"collection":[{"href":"https:\/\/www.iparralai.org\/index.php\/wp-json\/wp\/v2\/pages"}],"about":[{"href":"https:\/\/www.iparralai.org\/index.php\/wp-json\/wp\/v2\/types\/page"}],"author":[{"embeddable":true,"href":"https:\/\/www.iparralai.org\/index.php\/wp-json\/wp\/v2\/users\/1"}],"replies":[{"embeddable":true,"href":"https:\/\/www.iparralai.org\/index.php\/wp-json\/wp\/v2\/comments?post=1025"}],"version-history":[{"count":65,"href":"https:\/\/www.iparralai.org\/index.php\/wp-json\/wp\/v2\/pages\/1025\/revisions"}],"predecessor-version":[{"id":4775,"href":"https:\/\/www.iparralai.org\/index.php\/wp-json\/wp\/v2\/pages\/1025\/revisions\/4775"}],"wp:attachment":[{"href":"https:\/\/www.iparralai.org\/index.php\/wp-json\/wp\/v2\/media?parent=1025"}],"curies":[{"name":"wp","href":"https:\/\/api.w.org\/{rel}","templated":true}]}}