{"id":1174,"date":"2020-07-15T11:20:49","date_gmt":"2020-07-15T09:20:49","guid":{"rendered":"http:\/\/iparralai.org\/?page_id=1174"},"modified":"2025-07-15T10:50:40","modified_gmt":"2025-07-15T08:50:40","slug":"pianoa-piano","status":"publish","type":"page","link":"https:\/\/www.iparralai.org\/index.php\/pianoa-piano\/","title":{"rendered":"Pianoa &#8211; Piano"},"content":{"rendered":"\r\n<p><strong><a href=\"https:\/\/www.iparralai.org\/?page_id=1707\">Formule C \/ D Formula : 475\u20ac \u2013\u00a0<\/a><a href=\"https:\/\/www.iparralai.org\/?page_id=1707\">Formule\u00a0<\/a><a href=\"https:\/\/www.iparralai.org\/?page_id=1707\">D\u2019\u00a0<\/a><a href=\"https:\/\/www.iparralai.org\/?page_id=1707\">Formula\u00a0<\/a><a href=\"https:\/\/www.iparralai.org\/?page_id=1707\">: 500\u20ac \u2013\u00a0<\/a><a href=\"https:\/\/www.iparralai.org\/?page_id=1707\">Formule\u00a0<\/a><a href=\"https:\/\/www.iparralai.org\/?page_id=1707\">E\u00a0<\/a><a href=\"https:\/\/www.iparralai.org\/?page_id=1707\">Formula\u00a0<\/a><a href=\"https:\/\/www.iparralai.org\/?page_id=1707\">: 350\u20ac \u2013\u00a0<\/a><a href=\"https:\/\/www.iparralai.org\/?page_id=1707\">Formule\u00a0<\/a><a href=\"https:\/\/www.iparralai.org\/?page_id=1707\">E\u2019\u00a0<\/a><a href=\"https:\/\/www.iparralai.org\/?page_id=1707\">Formula\u00a0<\/a><a href=\"https:\/\/www.iparralai.org\/?page_id=1707\">: 680\u20ac<\/a><\/strong><\/p>\r\n\r\n\r\n\r\n<div class=\"wp-block-columns is-layout-flex wp-container-core-columns-is-layout-9d6595d7 wp-block-columns-is-layout-flex\">\r\n<div class=\"wp-block-column is-layout-flow wp-block-column-is-layout-flow\">\r\n<h4 class=\"wp-block-heading\"><strong>avec <\/strong>LUDOVIC LERICHE-<strong>ekin<\/strong><\/h4>\r\n<\/div>\r\n\r\n\r\n\r\n<div class=\"wp-block-column is-layout-flow wp-block-column-is-layout-flow\">\r\n<h4 class=\"wp-block-heading\"><strong>avec <\/strong>EMMANUELLE GENTIEN-<strong>ekin<\/strong><\/h4>\r\n<\/div>\r\n<\/div>\r\n\r\n\r\n\r\n<div class=\"wp-block-columns is-layout-flex wp-container-core-columns-is-layout-9d6595d7 wp-block-columns-is-layout-flex\">\r\n<div class=\"wp-block-column is-layout-flow wp-block-column-is-layout-flow\">\r\n<figure class=\"wp-block-image size-full is-resized\"><img fetchpriority=\"high\" decoding=\"async\" class=\"wp-image-3739\" src=\"https:\/\/www.iparralai.org\/wp-content\/uploads\/2023\/06\/Ludovic-Lerciche-Photo.jpg\" alt=\"\" width=\"332\" height=\"207\" srcset=\"https:\/\/www.iparralai.org\/wp-content\/uploads\/2023\/06\/Ludovic-Lerciche-Photo.jpg 932w, https:\/\/www.iparralai.org\/wp-content\/uploads\/2023\/06\/Ludovic-Lerciche-Photo-300x187.jpg 300w, https:\/\/www.iparralai.org\/wp-content\/uploads\/2023\/06\/Ludovic-Lerciche-Photo-768x480.jpg 768w, https:\/\/www.iparralai.org\/wp-content\/uploads\/2023\/06\/Ludovic-Lerciche-Photo-750x468.jpg 750w\" sizes=\"(max-width: 332px) 100vw, 332px\" \/>\r\n<figcaption>Ludovic LERICHE<br \/>Prof \u00e0 Baigorri le mercredi, et \u00e0 Saint Jean le Vieux le jeudi et vendredi, francophone<br \/><mark class=\"has-inline-color has-vivid-cyan-blue-color\" style=\"background-color: rgba(0, 0, 0, 0);\">Erakaslea Baigorrin asteazkenetan, eta Donazaharren ostegun eta ostiralean, frantsesduna<\/mark><\/figcaption>\r\n<\/figure>\r\n\r\n\r\n\r\n<blockquote class=\"wp-block-quote has-medium-font-size is-layout-flow wp-block-quote-is-layout-flow\">\r\n<p><strong><em>\u00ab\u00a0Peu importe votre style musical, votre niveau ou votre \u00e2ge, vous pouvez apprendre la musique !!!!\u00a0\u00bb<\/em><\/strong><\/p>\r\n<\/blockquote>\r\n\r\n\r\n\r\n<p>J\u2019aime la musique sous toutes ses formes et je souhaite apporter \u00e0 chacun(e) la pratique qui lui convient. En parall\u00e8le des structures que j\u2019ai fr\u00e9quent\u00e9es, j\u2019ai beaucoup travaill\u00e9 en autodidacte, sur sc\u00e8ne les musiques actuelles et je pense qu\u2019il est essentiel de donner aux \u00e9l\u00e8ves une autonomie dans leur apprentissage, jouer seul ou en groupe comprendre la th\u00e9orie, d\u00e9velopper son oreille, composer, improviser sont des richesses que l\u2019on peut cultiver toute sa vie.<br \/>Mes exp\u00e9riences en tant que musicien et enseignant, m\u2019ont permis de mettre au point une m\u00e9thode et un programme adapt\u00e9 \u00e0 tous. Ma m\u00e9thodologie se base sur une m\u00e9thode progressive qui m\u00e9lange pratique, th\u00e9orie, s\u2019amuser tout en apprenant la musique.<\/p>\r\n\r\n\r\n\r\n<div class=\"wp-block-buttons is-layout-flex wp-block-buttons-is-layout-flex\">\r\n<div class=\"wp-block-button\"><a class=\"wp-block-button__link\" href=\"https:\/\/www.iparralai.org\/wp-content\/uploads\/2025\/07\/LERICHE-Ludovic-Piano-Trombone-Trompette.pdf\" target=\"_blank\" rel=\"noopener\">+ d&rsquo;infos<\/a><\/div>\r\n<\/div>\r\n<\/div>\r\n\r\n\r\n\r\n<div class=\"wp-block-column is-layout-flow wp-block-column-is-layout-flow\">\r\n<figure class=\"wp-block-image size-full is-resized\"><img decoding=\"async\" class=\"wp-image-3144\" src=\"https:\/\/www.iparralai.org\/wp-content\/uploads\/2022\/06\/Photo-Emmanuelle-GENTIEN.png\" alt=\"\" width=\"250\" height=\"260\" \/>\r\n<figcaption>Emmanuelle GENTIEN <br \/>Prof \u00e0 Baigorri les mardis, et \u00e0 Saint Jean le Vieux les lundis,\u00a0 mercredis et jeudis, francophone<br \/><mark class=\"has-inline-color has-vivid-cyan-blue-color\" style=\"background-color: rgba(0, 0, 0, 0);\">Erakaslea asteartetan<\/mark> <mark class=\"has-inline-color has-vivid-cyan-blue-color\" style=\"background-color: rgba(0, 0, 0, 0);\">Baigorrin, eta Donazaharren astelehen, asteazken eta ostegunetan, frantsesduna<\/mark><\/figcaption>\r\n<\/figure>\r\n\r\n\r\n\r\n<div class=\"wp-block-buttons is-layout-flex wp-block-buttons-is-layout-flex\">\u00a0<\/div>\r\n\r\n\r\n\r\n<blockquote class=\"wp-block-quote has-medium-font-size is-layout-flow wp-block-quote-is-layout-flow\">\r\n<p><strong><em>\u00ab\u00a0Au travers des \u0153uvres que vous aborderez, vous raconterez votre propre histoire en trouvant les expressions \u00e0 donner.\u00a0\u00bb<\/em><\/strong><\/p>\r\n<\/blockquote>\r\n\r\n\r\n\r\n<p>Quelle que soit votre familiarit\u00e9 avec l\u2019instrument, mon objectif est que vous trouviez du plaisir \u00e0 avancer tout en d\u00e9veloppant les fondamentaux musicaux. L\u2019alliance d\u2019un morceau du r\u00e9pertoire classique avec une \u0153uvre plus moderne (musique de film, chanson, jazz\u2026.) permet de varier les plaisirs.<\/p>\r\n\r\n\r\n\r\n<p><mark class=\"has-inline-color has-vivid-cyan-blue-color\" style=\"background-color: rgba(0, 0, 0, 0);\">Musika-tresnarekin duzun ohikotasuna edozein dela ere, nire helburua da musikaren oinarriak garatuz aurrera egiteko plazera izatea.<\/mark> <mark class=\"has-inline-color has-vivid-cyan-blue-color\" style=\"background-color: rgba(0, 0, 0, 0);\">Errepertorio klasikoko pieza baten eta obra modernoago baten arteko aliantza (film-musika, abestia, jazza\u2026) plazerak aldatzeko.<\/mark><\/p>\r\n\r\n\r\n\r\n<div class=\"wp-block-buttons is-layout-flex wp-block-buttons-is-layout-flex\">\r\n<div class=\"wp-block-button\"><a class=\"wp-block-button__link\" href=\"https:\/\/www.iparralai.org\/wp-content\/uploads\/2025\/07\/GENTIEN-Emmanuelle-Programme-Pedagogique-Piano_.pdf\" target=\"_blank\" rel=\"noreferrer noopener\">Mon enseignement<\/a><\/div>\r\n<div>\u00a0<\/div>\r\n<div><a class=\"wp-block-button__link\" href=\"https:\/\/www.iparralai.org\/wp-content\/uploads\/2025\/07\/GENTIEN-Emmanuelle-Piano.pdf\" target=\"_blank\" rel=\"noopener\">+ d&rsquo;infos<\/a><\/div>\r\n<\/div>\r\n<\/div>\r\n<\/div>\r\n","protected":false},"excerpt":{"rendered":"<p>Formule C \/ D Formula : 475\u20ac \u2013\u00a0Formule\u00a0D\u2019\u00a0Formula\u00a0: 500\u20ac \u2013\u00a0Formule\u00a0E\u00a0Formula\u00a0: 350\u20ac \u2013\u00a0Formule\u00a0E\u2019\u00a0Formula\u00a0: 680\u20ac avec LUDOVIC LERICHE-ekin avec EMMANUELLE GENTIEN-ekin \u00ab\u00a0Peu importe votre style musical, votre niveau ou votre \u00e2ge, vous pouvez apprendre la musique !!!!\u00a0\u00bb J\u2019aime la musique sous toutes ses formes et je souhaite apporter \u00e0 chacun(e) la pratique qui lui convient. En parall\u00e8le&hellip;<a href=\"https:\/\/www.iparralai.org\/index.php\/pianoa-piano\/\" class=\"more-link\">Continue reading <span class=\"screen-reader-text\">Pianoa &#8211; Piano<\/span><\/a><\/p>\n","protected":false},"author":1,"featured_media":0,"parent":0,"menu_order":0,"comment_status":"closed","ping_status":"closed","template":"page_fullwidth.php","meta":{"footnotes":""},"class_list":["post-1174","page","type-page","status-publish","hentry"],"_links":{"self":[{"href":"https:\/\/www.iparralai.org\/index.php\/wp-json\/wp\/v2\/pages\/1174","targetHints":{"allow":["GET"]}}],"collection":[{"href":"https:\/\/www.iparralai.org\/index.php\/wp-json\/wp\/v2\/pages"}],"about":[{"href":"https:\/\/www.iparralai.org\/index.php\/wp-json\/wp\/v2\/types\/page"}],"author":[{"embeddable":true,"href":"https:\/\/www.iparralai.org\/index.php\/wp-json\/wp\/v2\/users\/1"}],"replies":[{"embeddable":true,"href":"https:\/\/www.iparralai.org\/index.php\/wp-json\/wp\/v2\/comments?post=1174"}],"version-history":[{"count":39,"href":"https:\/\/www.iparralai.org\/index.php\/wp-json\/wp\/v2\/pages\/1174\/revisions"}],"predecessor-version":[{"id":4747,"href":"https:\/\/www.iparralai.org\/index.php\/wp-json\/wp\/v2\/pages\/1174\/revisions\/4747"}],"wp:attachment":[{"href":"https:\/\/www.iparralai.org\/index.php\/wp-json\/wp\/v2\/media?parent=1174"}],"curies":[{"name":"wp","href":"https:\/\/api.w.org\/{rel}","templated":true}]}}