{"id":1247,"date":"2020-07-15T16:15:06","date_gmt":"2020-07-15T14:15:06","guid":{"rendered":"http:\/\/iparralai.org\/?page_id=1247"},"modified":"2025-06-25T11:15:49","modified_gmt":"2025-06-25T09:15:49","slug":"1247-2","status":"publish","type":"page","link":"https:\/\/www.iparralai.org\/index.php\/1247-2\/","title":{"rendered":"Gaurko Gitarra &#8211; Guitare actuelle \/\/ Basse &#8211; Gitarra apala"},"content":{"rendered":"\r\n<p><strong><a href=\"https:\/\/www.iparralai.org\/?page_id=1707\">Formule C \/ D Formula : 475\u20ac \u2013\u00a0<\/a><a href=\"https:\/\/www.iparralai.org\/?page_id=1707\">Formule\u00a0<\/a><a href=\"https:\/\/www.iparralai.org\/?page_id=1707\">D\u2019\u00a0<\/a><a href=\"https:\/\/www.iparralai.org\/?page_id=1707\">Formula\u00a0<\/a><a href=\"https:\/\/www.iparralai.org\/?page_id=1707\">: 500\u20ac \u2013\u00a0<\/a><a href=\"https:\/\/www.iparralai.org\/?page_id=1707\">Formule\u00a0<\/a><a href=\"https:\/\/www.iparralai.org\/?page_id=1707\">E\u00a0<\/a><a href=\"https:\/\/www.iparralai.org\/?page_id=1707\">Formula\u00a0<\/a><a href=\"https:\/\/www.iparralai.org\/?page_id=1707\">: 350\u20ac \u2013\u00a0<\/a><a href=\"https:\/\/www.iparralai.org\/?page_id=1707\">Formule\u00a0<\/a><a href=\"https:\/\/www.iparralai.org\/?page_id=1707\">E\u2019\u00a0<\/a><a href=\"https:\/\/www.iparralai.org\/?page_id=1707\">Formula\u00a0<\/a><a href=\"https:\/\/www.iparralai.org\/?page_id=1707\">: 680\u20ac<\/a><\/strong><\/p>\r\n<p>&nbsp;<\/p>\r\n\r\n\r\n\r\n\r\n\r\n<div class=\"wp-block-columns is-layout-flex wp-container-core-columns-is-layout-9d6595d7 wp-block-columns-is-layout-flex\">\r\n<div class=\"wp-block-column is-layout-flow wp-block-column-is-layout-flow\"><img fetchpriority=\"high\" decoding=\"async\" class=\"wp-image-4098 alignnone\" src=\"https:\/\/www.iparralai.org\/wp-content\/uploads\/2024\/06\/image1-225x300.jpeg\" alt=\"\" width=\"286\" height=\"381\" srcset=\"https:\/\/www.iparralai.org\/wp-content\/uploads\/2024\/06\/image1-225x300.jpeg 225w, https:\/\/www.iparralai.org\/wp-content\/uploads\/2024\/06\/image1-768x1024.jpeg 768w, https:\/\/www.iparralai.org\/wp-content\/uploads\/2024\/06\/image1-1152x1536.jpeg 1152w, https:\/\/www.iparralai.org\/wp-content\/uploads\/2024\/06\/image1-750x1000.jpeg 750w, https:\/\/www.iparralai.org\/wp-content\/uploads\/2024\/06\/image1.jpeg 1200w\" sizes=\"(max-width: 286px) 100vw, 286px\" \/>\r\n<figure class=\"wp-block-image is-resized\"><\/figure>\r\n\r\n\r\n<\/div>\r\n<\/div>\r\n<mark class=\"has-inline-color has-vivid-cyan-blue-color\" style=\"background-color: rgba(0, 0, 0, 0);\"><mark class=\"has-inline-color has-vivid-cyan-blue-color\" style=\"background-color: rgba(0, 0, 0, 0);\">\r\n\r\n<\/mark><\/mark>\r\n<div class=\"wp-block-column is-layout-flow wp-block-column-is-layout-flow\">\r\n<h4><strong>avec <\/strong>Baptiste IBAR-<strong>ekin<\/strong><\/h4>\r\n<\/div>\r\n<\/figcaption>\r\n<\/figure>\r\n<div class=\"wp-block-column\">\r\n<p><em><strong>\u00ab\u00a0Quelles sont vos chansons pr\u00e9f\u00e9r\u00e9es ? on peut les apprendre ensemble. Pop, Rock, Blues, Funk, Folk ?\u00a0\u00bb<\/strong><\/em><\/p>\r\n\r\n\r\n\r\n<p class=\"is-layout-flow wp-block-quote-is-layout-flow\"><br \/>Une fois qu\u2019on apprend les bases de la musique elle reste avec nous toute notre vie comme un compagnon solidaire qui nous fait vibrer.<\/p>\r\n<p>Je vous propose des le\u00e7ons de guitare et de basse \u00e9lectrique qui sont guid\u00e9es par l\u2019improvisation le visuel et l\u2019\u00e9coute. D\u00e9couvrez votre fa\u00e7on d\u2019apprendre et de jouer .\u00a0<\/p>\r\n<\/div>\r\n<!-- \/wp:post-content --><\/div>\r\n<!-- \/wp:columns -->\r\n\r\n<!-- wp:columns -->\r\n<div class=\"wp-block-columns\"><!-- wp:column {\"width\":\"50%\"} -->\r\n<div class=\"wp-block-column\" style=\"flex-basis: 50%;\">\u00a0<\/div>\r\n<!-- \/wp:column -->\r\n\r\n<!-- wp:column {\"width\":\"50%\"} -->\r\n<div class=\"wp-block-column\" style=\"flex-basis: 50%;\">\u00a0<\/div>\r\n<!-- \/wp:column --><\/div>\r\n<!-- \/wp:columns -->","protected":false},"excerpt":{"rendered":"<p>Formule C \/ D Formula : 475\u20ac \u2013\u00a0Formule\u00a0D\u2019\u00a0Formula\u00a0: 500\u20ac \u2013\u00a0Formule\u00a0E\u00a0Formula\u00a0: 350\u20ac \u2013\u00a0Formule\u00a0E\u2019\u00a0Formula\u00a0: 680\u20ac &nbsp; avec Baptiste IBAR-ekin \u00ab\u00a0Quelles sont vos chansons pr\u00e9f\u00e9r\u00e9es ? on peut les apprendre ensemble. Pop, Rock, Blues, Funk, Folk ?\u00a0\u00bb Une fois qu\u2019on apprend les bases de la musique elle reste avec nous toute notre vie comme un compagnon solidaire qui&hellip;<a href=\"https:\/\/www.iparralai.org\/index.php\/1247-2\/\" class=\"more-link\">Continue reading <span class=\"screen-reader-text\">Gaurko Gitarra &#8211; Guitare actuelle \/\/ Basse &#8211; Gitarra apala<\/span><\/a><\/p>\n","protected":false},"author":1,"featured_media":0,"parent":0,"menu_order":0,"comment_status":"closed","ping_status":"closed","template":"page_fullwidth.php","meta":{"footnotes":""},"class_list":["post-1247","page","type-page","status-publish","hentry"],"_links":{"self":[{"href":"https:\/\/www.iparralai.org\/index.php\/wp-json\/wp\/v2\/pages\/1247","targetHints":{"allow":["GET"]}}],"collection":[{"href":"https:\/\/www.iparralai.org\/index.php\/wp-json\/wp\/v2\/pages"}],"about":[{"href":"https:\/\/www.iparralai.org\/index.php\/wp-json\/wp\/v2\/types\/page"}],"author":[{"embeddable":true,"href":"https:\/\/www.iparralai.org\/index.php\/wp-json\/wp\/v2\/users\/1"}],"replies":[{"embeddable":true,"href":"https:\/\/www.iparralai.org\/index.php\/wp-json\/wp\/v2\/comments?post=1247"}],"version-history":[{"count":35,"href":"https:\/\/www.iparralai.org\/index.php\/wp-json\/wp\/v2\/pages\/1247\/revisions"}],"predecessor-version":[{"id":4432,"href":"https:\/\/www.iparralai.org\/index.php\/wp-json\/wp\/v2\/pages\/1247\/revisions\/4432"}],"wp:attachment":[{"href":"https:\/\/www.iparralai.org\/index.php\/wp-json\/wp\/v2\/media?parent=1247"}],"curies":[{"name":"wp","href":"https:\/\/api.w.org\/{rel}","templated":true}]}}