{"id":1302,"date":"2020-07-15T18:55:52","date_gmt":"2020-07-15T16:55:52","guid":{"rendered":"http:\/\/iparralai.org\/?page_id=1302"},"modified":"2025-07-15T10:42:27","modified_gmt":"2025-07-15T08:42:27","slug":"txistu-xirula","status":"publish","type":"page","link":"https:\/\/www.iparralai.org\/index.php\/txistu-xirula\/","title":{"rendered":"Txistu Xirula"},"content":{"rendered":"\r\n<p><strong><a href=\"https:\/\/www.iparralai.org\/?page_id=1707\">Formule C \/ D Formula : 475\u20ac \u2013\u00a0<\/a><a href=\"https:\/\/www.iparralai.org\/?page_id=1707\">Formule\u00a0<\/a><a href=\"https:\/\/www.iparralai.org\/?page_id=1707\">D\u2019\u00a0<\/a><a href=\"https:\/\/www.iparralai.org\/?page_id=1707\">Formula\u00a0<\/a><a href=\"https:\/\/www.iparralai.org\/?page_id=1707\">: 500\u20ac \u2013\u00a0<\/a><a href=\"https:\/\/www.iparralai.org\/?page_id=1707\">Formule\u00a0<\/a><a href=\"https:\/\/www.iparralai.org\/?page_id=1707\">E\u00a0<\/a><a href=\"https:\/\/www.iparralai.org\/?page_id=1707\">Formula\u00a0<\/a><a href=\"https:\/\/www.iparralai.org\/?page_id=1707\">: 350\u20ac \u2013\u00a0<\/a><a href=\"https:\/\/www.iparralai.org\/?page_id=1707\">Formule\u00a0<\/a><a href=\"https:\/\/www.iparralai.org\/?page_id=1707\">E\u2019\u00a0<\/a><a href=\"https:\/\/www.iparralai.org\/?page_id=1707\">Formula\u00a0<\/a><a href=\"https:\/\/www.iparralai.org\/?page_id=1707\">: 680\u20ac<\/a><\/strong><\/p>\r\n<p><span style=\"color: #ff0000;\">KLASEA HAU BETEA DA !! \u2014 CETTE CLASSE EST PLEINE !!<\/span><\/p>\r\n\r\n\r\n\r\n<div class=\"wp-block-columns is-layout-flex wp-container-core-columns-is-layout-9d6595d7 wp-block-columns-is-layout-flex\">\r\n<div class=\"wp-block-column is-layout-flow wp-block-column-is-layout-flow\">\r\n<figure class=\"wp-block-image size-full\"><img fetchpriority=\"high\" decoding=\"async\" width=\"540\" height=\"720\" class=\"wp-image-3741\" src=\"https:\/\/www.iparralai.org\/wp-content\/uploads\/2023\/06\/Errecart-Marie-Photo.jpg\" alt=\"\" srcset=\"https:\/\/www.iparralai.org\/wp-content\/uploads\/2023\/06\/Errecart-Marie-Photo.jpg 540w, https:\/\/www.iparralai.org\/wp-content\/uploads\/2023\/06\/Errecart-Marie-Photo-225x300.jpg 225w\" sizes=\"(max-width: 540px) 100vw, 540px\" \/>\r\n<figcaption>Marie ERRECART<br \/>Erakaslea Donazaharren, asteart, asteazken, ostegun\u00a0 eta ostiraletan,<br \/>euskalduna eta frantsesduna<br \/><mark class=\"has-inline-color has-vivid-cyan-blue-color\" style=\"background-color: rgba(0, 0, 0, 0);\">Prof \u00e0 St Jean Le Vieux, les mardis, mercredis, jeudis et vendredis<br \/>bascophone et francophone<\/mark><\/figcaption>\r\n<\/figure>\r\n\r\n\r\n\r\n<div class=\"wp-block-buttons is-layout-flex wp-block-buttons-is-layout-flex\">\r\n<div class=\"wp-block-button\"><a class=\"wp-block-button__link\" href=\"https:\/\/www.iparralai.org\/wp-content\/uploads\/2025\/07\/Txistu-_-Xirula.pdf\" target=\"_blank\" rel=\"noreferrer noopener\">Mon enseignement<\/a><\/div>\r\n<\/div>\r\n<\/div>\r\n\r\n\r\n\r\n<div class=\"wp-block-column is-layout-flow wp-block-column-is-layout-flow\">\r\n<h4 class=\"wp-block-heading\"><strong>avec<\/strong> MARIE ERRECART<strong>-EKIN<\/strong><\/h4>\r\n\r\n\r\n\r\n<blockquote class=\"wp-block-quote has-medium-font-size is-layout-flow wp-block-quote-is-layout-flow\">\r\n<p><strong><em>\u00ab\u00a0Txistuaren praktika transmititzeko, garrantzitsua da ikasleen artean kurutzatzea\u00a0\u00bb<\/em><\/strong><\/p>\r\n<p><strong><em><mark class=\"has-inline-color has-vivid-cyan-blue-color\" style=\"background-color: rgba(0, 0, 0, 0);\">\u00ab\u00a0Pour une transmission de la pratique du txistu, il est important de faire se rencontrer les \u00e9l\u00e8ves\u00a0\u00bb<\/mark><\/em><\/strong><\/p>\r\n<\/blockquote>\r\n\r\n\r\n\r\n<p style=\"font-size: 16px;\">Xirula eta Txistua ikastea proposatzen dautzuet. Horiek sokazko ttun-ttunarekin eta larruzko ttun-ttunarekin jotzen baitira, landuko ditugu ere bai.<\/p>\r\n\r\n\r\n\r\n<p style=\"font-size: 16px;\">Euska Herriko errepertorio herrikoia ezagutuko dugu baita ere musika estilo desberdinetakoa. Taldetan jotzeko bultzatuko zaituztet, izan txaranga baita ere pop-rock eta jazz taldeetan<\/p>\r\n\r\n\r\n\r\n<p class=\"has-vivid-cyan-blue-color has-text-color\" style=\"font-size: 16px;\">Je vous propose un enseignement des fl\u00fbtes \u00e0 trois trous pr\u00e9sentes en Iparralde, \u00e0 savoir le txistu et la xirula. Ces fl\u00fbtes se jouant avec des tambourins \u00e0 cordes ou \u00e0 peau, nous les utiliserons aussi.<\/p>\r\n\r\n\r\n\r\n<p class=\"has-vivid-cyan-blue-color has-text-color\" style=\"font-size: 16px;\">Nous travaillerons un r\u00e9pertoire traditionnel de Euskal Herri, mais aussi celui issu d&rsquo;autres styles de musique. Je vous pousserai \u00e0 participer aux ateliers, aussi bien la txaranga que les groupes pop-rock et jazz.<\/p>\r\n<\/div>\r\n<\/div>\r\n","protected":false},"excerpt":{"rendered":"<p>Formule C \/ D Formula : 475\u20ac \u2013\u00a0Formule\u00a0D\u2019\u00a0Formula\u00a0: 500\u20ac \u2013\u00a0Formule\u00a0E\u00a0Formula\u00a0: 350\u20ac \u2013\u00a0Formule\u00a0E\u2019\u00a0Formula\u00a0: 680\u20ac KLASEA HAU BETEA DA !! \u2014 CETTE CLASSE EST PLEINE !! avec MARIE ERRECART-EKIN \u00ab\u00a0Txistuaren praktika transmititzeko, garrantzitsua da ikasleen artean kurutzatzea\u00a0\u00bb \u00ab\u00a0Pour une transmission de la pratique du txistu, il est important de faire se rencontrer les \u00e9l\u00e8ves\u00a0\u00bb Xirula eta Txistua&hellip;<a href=\"https:\/\/www.iparralai.org\/index.php\/txistu-xirula\/\" class=\"more-link\">Continue reading <span class=\"screen-reader-text\">Txistu Xirula<\/span><\/a><\/p>\n","protected":false},"author":1,"featured_media":0,"parent":0,"menu_order":0,"comment_status":"closed","ping_status":"closed","template":"page_fullwidth.php","meta":{"footnotes":""},"class_list":["post-1302","page","type-page","status-publish","hentry"],"_links":{"self":[{"href":"https:\/\/www.iparralai.org\/index.php\/wp-json\/wp\/v2\/pages\/1302","targetHints":{"allow":["GET"]}}],"collection":[{"href":"https:\/\/www.iparralai.org\/index.php\/wp-json\/wp\/v2\/pages"}],"about":[{"href":"https:\/\/www.iparralai.org\/index.php\/wp-json\/wp\/v2\/types\/page"}],"author":[{"embeddable":true,"href":"https:\/\/www.iparralai.org\/index.php\/wp-json\/wp\/v2\/users\/1"}],"replies":[{"embeddable":true,"href":"https:\/\/www.iparralai.org\/index.php\/wp-json\/wp\/v2\/comments?post=1302"}],"version-history":[{"count":29,"href":"https:\/\/www.iparralai.org\/index.php\/wp-json\/wp\/v2\/pages\/1302\/revisions"}],"predecessor-version":[{"id":4182,"href":"https:\/\/www.iparralai.org\/index.php\/wp-json\/wp\/v2\/pages\/1302\/revisions\/4182"}],"wp:attachment":[{"href":"https:\/\/www.iparralai.org\/index.php\/wp-json\/wp\/v2\/media?parent=1302"}],"curies":[{"name":"wp","href":"https:\/\/api.w.org\/{rel}","templated":true}]}}