{"id":1400,"date":"2020-07-16T16:53:04","date_gmt":"2020-07-16T14:53:04","guid":{"rendered":"http:\/\/iparralai.org\/?page_id=1400"},"modified":"2025-09-09T14:29:57","modified_gmt":"2025-09-09T12:29:57","slug":"1400-2","status":"publish","type":"page","link":"https:\/\/www.iparralai.org\/index.php\/1400-2\/","title":{"rendered":"Soinu ttikia ta Panderoa"},"content":{"rendered":"\r\n\r\n\r\n<p><strong><a href=\"https:\/\/www.iparralai.org\/?page_id=1707\">Formule C \/ D Formula : 475\u20ac \u2013\u00a0<\/a><a href=\"https:\/\/www.iparralai.org\/?page_id=1707\">Formule\u00a0<\/a><a href=\"https:\/\/www.iparralai.org\/?page_id=1707\">D\u2019\u00a0<\/a><a href=\"https:\/\/www.iparralai.org\/?page_id=1707\">Formula\u00a0<\/a><a href=\"https:\/\/www.iparralai.org\/?page_id=1707\">: 500\u20ac \u2013\u00a0<\/a><a href=\"https:\/\/www.iparralai.org\/?page_id=1707\">Formule\u00a0<\/a><a href=\"https:\/\/www.iparralai.org\/?page_id=1707\">E\u00a0<\/a><a href=\"https:\/\/www.iparralai.org\/?page_id=1707\">Formula\u00a0<\/a><a href=\"https:\/\/www.iparralai.org\/?page_id=1707\">: 350\u20ac \u2013\u00a0<\/a><a href=\"https:\/\/www.iparralai.org\/?page_id=1707\">Formule\u00a0<\/a><a href=\"https:\/\/www.iparralai.org\/?page_id=1707\">E\u2019\u00a0<\/a><a href=\"https:\/\/www.iparralai.org\/?page_id=1707\">Formula\u00a0<\/a><a href=\"https:\/\/www.iparralai.org\/?page_id=1707\">: 680\u20ac<\/a><\/strong><\/p>\r\n\r\n\r\n\r\n<div class=\"wp-block-column is-layout-flow wp-block-column-is-layout-flow\">\r\n<blockquote class=\"wp-block-quote has-medium-font-size\">\r\n<p><strong><em>\u00bb Soinu ttikia jotzea da giroa emaitea\u00a0\u00bb Ohituraz, soinu ttikia panderoari lotua da. Horregatik iparralaien, soinu ttikiaren ikasbidean panderoa ere ikasten da.\u00a0\u00bb<\/em><\/strong><\/p>\r\n<p><mark class=\"has-inline-color has-vivid-cyan-blue-color is-layout-flow wp-block-quote-is-layout-flow\" style=\"background-color: rgba(0, 0, 0, 0);\"><strong><em>\u00ab\u00a0Jouer du soinu ttiki, c\u2019est cr\u00e9er une ambiance \u00a0\u00bb Il est accompagn\u00e9 traditionnellement du pandero. Ainsi, ces deux instruments vont de pair dans notre formation \u00e0 Iparralai\u00a0\u00bb<\/em><\/strong><\/mark><\/p>\r\n<\/blockquote>\r\n\r\n<div class=\"wp-block-columns is-layout-flex wp-container-core-columns-is-layout-9d6595d7 wp-block-columns-is-layout-flex\">\r\n<div class=\"wp-block-column is-layout-flow wp-block-column-is-layout-flow\">\r\n<h5>AVEC <strong>A.L.L.<\/strong><\/h5>\r\n\r\n\r\n\r\n<figure class=\"wp-block-image size-large is-resized\"><img fetchpriority=\"high\" decoding=\"async\" class=\"alignnone wp-image-3403 size-medium\" src=\"https:\/\/www.iparralai.org\/wp-content\/uploads\/2022\/06\/tri_iparralai_2017_concert_154-212x300.jpg\" alt=\"\" width=\"212\" height=\"300\" srcset=\"https:\/\/www.iparralai.org\/wp-content\/uploads\/2022\/06\/tri_iparralai_2017_concert_154-212x300.jpg 212w, https:\/\/www.iparralai.org\/wp-content\/uploads\/2022\/06\/tri_iparralai_2017_concert_154-724x1024.jpg 724w, https:\/\/www.iparralai.org\/wp-content\/uploads\/2022\/06\/tri_iparralai_2017_concert_154-768x1086.jpg 768w, https:\/\/www.iparralai.org\/wp-content\/uploads\/2022\/06\/tri_iparralai_2017_concert_154-1086x1536.jpg 1086w, https:\/\/www.iparralai.org\/wp-content\/uploads\/2022\/06\/tri_iparralai_2017_concert_154-1448x2048.jpg 1448w, https:\/\/www.iparralai.org\/wp-content\/uploads\/2022\/06\/tri_iparralai_2017_concert_154-750x1061.jpg 750w, https:\/\/www.iparralai.org\/wp-content\/uploads\/2022\/06\/tri_iparralai_2017_concert_154-scaled.jpg 1810w\" sizes=\"(max-width: 212px) 100vw, 212px\" \/><br \/>\r\n<figcaption><em><em>Erakaslea, Donazaharren asteartetan eta asteazkenetan\u00a0<br \/>euskalduna<br \/><mark class=\"has-inline-color has-vivid-cyan-blue-color\" style=\"background-color: rgba(0, 0, 0, 0);\">Prof \u00e0 St Jean Le Vieux les mardis et mercredis, <br \/>bascophone\u00a0<\/mark><\/em><\/em><em><em><mark class=\"has-inline-color has-vivid-cyan-blue-color\" style=\"background-color: rgba(0, 0, 0, 0);\">\r\n\r\n<\/mark><\/em><\/em>\r\n<div class=\"gs\">\r\n<div class=\"\">\r\n<div id=\":11v\" class=\"ii gt adP\">\r\n<div id=\":11u\" class=\"a3s aiL \">\r\n<div dir=\"auto\">\u00a0<\/div>\r\n<div dir=\"auto\">A.izango da aurtengo trikitixa irakasle berria. Herri musiketan eta garaikideetan urteetan aritua, orain 8 urte \u00ab\u00a0Ez addioik\u00a0\u00bb proiektua sortu zuen Iparralaiko triki eta pandero ikasleekin batera.<br \/><br \/>Musika eta giza emozioen arteko zubilanak egitea du helburu eta trikitixaren bidez, musika hizkuntza haur, nerabe zein helduei hedatzeaz arduratuko da.!<\/div>\r\n<div class=\"adL\">\u00a0<\/div>\r\n<\/div>\r\n<\/div>\r\n<\/div>\r\n<\/div>\r\n<\/figcaption>\r\n<\/figure>\r\n\r\n\r\n\r\n\r\n<\/div>\r\n\r\n\r\n\r\n<div class=\"wp-block-column is-layout-flow wp-block-column-is-layout-flow\">\r\n<h5 class=\"wp-block-heading\">AVEC<strong> JULIE MARY<\/strong>-REKIN<\/h5>\r\n\r\n\r\n\r\n<figure class=\"wp-block-image size-full\"><img decoding=\"async\" width=\"320\" height=\"240\" class=\"wp-image-1406\" src=\"https:\/\/www.iparralai.org\/wp-content\/uploads\/2020\/07\/Julie-MARY.jpeg\" alt=\"\" srcset=\"https:\/\/www.iparralai.org\/wp-content\/uploads\/2020\/07\/Julie-MARY.jpeg 320w, https:\/\/www.iparralai.org\/wp-content\/uploads\/2020\/07\/Julie-MARY-300x225.jpeg 300w\" sizes=\"(max-width: 320px) 100vw, 320px\" \/>\r\n<figcaption><em>Erakaslea Donazaharren asteazkenetan eta Baigorrin ostegunetan<br \/>Euskalduna eta frantsesduna.<br \/><mark class=\"has-inline-color has-vivid-cyan-blue-color\" style=\"background-color: rgba(0, 0, 0, 0);\">Prof \u00e0 Saint Jean le Vieux les mercredis et \u00e0 Baigorri les jeudis <br \/>bascophone et francophone<\/mark><\/em><\/figcaption>\r\n<\/figure>\r\n\r\n\r\n\r\n<p>&nbsp;<\/p>\r\n\r\n\r\n\r\n<p>Panderoa, soinu ttikia, alboka, ahotsa eta dantza. 3 soinu tresna eta gai horiek landuko edota hurbilduko ditugu elgarrekin. Euskal Herrian eta munduan zehar bidaiatuko gira musikaria izateko autonomia musikala, eskuzabaltasuna, elkarlana eta taldean jotzea helburuak beterik.<\/p>\r\n\r\n\r\n\r\n<p><span style=\"color: #3366ff;\">Panderoa, soinu ttikia, alboka, la voix et la danse. Nous travaillerons et\/ou aborderons ces 3 instruments et th\u00e8me. Nous voyagerons en Euskal Herri et \u00e0 travers le monde avec pour objectifs l&rsquo;autonomie musicale, la g\u00e9n\u00e9rosit\u00e9, la coop\u00e9ration et le jeu en groupe afin de devenir musicien.<\/span><mark><\/mark><\/p>\r\n<\/div>\r\n<\/div>\r\n<\/div>\r\n","protected":false},"excerpt":{"rendered":"<p>Formule C \/ D Formula : 475\u20ac \u2013\u00a0Formule\u00a0D\u2019\u00a0Formula\u00a0: 500\u20ac \u2013\u00a0Formule\u00a0E\u00a0Formula\u00a0: 350\u20ac \u2013\u00a0Formule\u00a0E\u2019\u00a0Formula\u00a0: 680\u20ac AVEC A.L.L. \u00a0 A.izango da aurtengo trikitixa irakasle berria. Herri musiketan eta garaikideetan urteetan aritua, orain 8 urte \u00ab\u00a0Ez addioik\u00a0\u00bb proiektua sortu zuen Iparralaiko triki eta pandero ikasleekin batera. Musika eta giza emozioen arteko zubilanak egitea du helburu eta trikitixaren bidez, musika&hellip;<a href=\"https:\/\/www.iparralai.org\/index.php\/1400-2\/\" class=\"more-link\">Continue reading <span class=\"screen-reader-text\">Soinu ttikia ta Panderoa<\/span><\/a><\/p>\n","protected":false},"author":1,"featured_media":0,"parent":0,"menu_order":0,"comment_status":"closed","ping_status":"closed","template":"page_fullwidth.php","meta":{"footnotes":""},"class_list":["post-1400","page","type-page","status-publish","hentry"],"_links":{"self":[{"href":"https:\/\/www.iparralai.org\/index.php\/wp-json\/wp\/v2\/pages\/1400","targetHints":{"allow":["GET"]}}],"collection":[{"href":"https:\/\/www.iparralai.org\/index.php\/wp-json\/wp\/v2\/pages"}],"about":[{"href":"https:\/\/www.iparralai.org\/index.php\/wp-json\/wp\/v2\/types\/page"}],"author":[{"embeddable":true,"href":"https:\/\/www.iparralai.org\/index.php\/wp-json\/wp\/v2\/users\/1"}],"replies":[{"embeddable":true,"href":"https:\/\/www.iparralai.org\/index.php\/wp-json\/wp\/v2\/comments?post=1400"}],"version-history":[{"count":59,"href":"https:\/\/www.iparralai.org\/index.php\/wp-json\/wp\/v2\/pages\/1400\/revisions"}],"predecessor-version":[{"id":4760,"href":"https:\/\/www.iparralai.org\/index.php\/wp-json\/wp\/v2\/pages\/1400\/revisions\/4760"}],"wp:attachment":[{"href":"https:\/\/www.iparralai.org\/index.php\/wp-json\/wp\/v2\/media?parent=1400"}],"curies":[{"name":"wp","href":"https:\/\/api.w.org\/{rel}","templated":true}]}}