{"id":1428,"date":"2020-07-16T18:32:32","date_gmt":"2020-07-16T16:32:32","guid":{"rendered":"http:\/\/iparralai.org\/?page_id=1428"},"modified":"2025-07-15T10:37:12","modified_gmt":"2025-07-15T08:37:12","slug":"1428-2","status":"publish","type":"page","link":"https:\/\/www.iparralai.org\/index.php\/1428-2\/","title":{"rendered":"KANTU eta KORALA"},"content":{"rendered":"\r\n<p><strong>KANTU 1 (6-7 urte) : asteazkenetan, Donazaharren, 16:00-17:00<\/strong><mark class=\"has-inline-color has-vivid-cyan-blue-color\" style=\"background-color: rgba(0, 0, 0, 0);\"><\/mark><\/p>\r\n\r\n\r\n\r\n<p><mark class=\"has-inline-color has-vivid-cyan-blue-color\" style=\"background-color: rgba(0, 0, 0, 0);\"><strong>KANTU 1 (6-7 ans) : les mercredis, \u00e0 Saint Jean le Vieux, 16:00-17:00<\/strong>\u00a0<\/mark><\/p>\r\n<p style=\"text-align: center;\"><a href=\"https:\/\/www.iparralai.org\/?page_id=1707\"><strong>Formule A Formula : 190\u20ac -Formule B Formula : 295\u20ac <\/strong><\/a><\/p>\r\n<p><strong>KANTU 2 (8-9 urte) : asteazkenetan, Donazaharren, 15:00-16:00<\/strong> &#8211;\u00a0<\/p>\r\n<p>\r\n\r\n<\/p>\r\n<p><mark class=\"has-inline-color has-vivid-cyan-blue-color\" style=\"background-color: rgba(0, 0, 0, 0);\"><strong>KANTU 2 (8-9 ans) : les mercredis, \u00e0 Saint Jean le Vieux, 15:00-16:00<\/strong><\/mark><\/p>\r\n<p style=\"text-align: center;\"><a href=\"https:\/\/www.iparralai.org\/?page_id=1707\"><strong>Formule A Formula : 190\u20ac &#8211; Formule<mark class=\"has-inline-color has-vivid-cyan-blue-color\" style=\"background-color: rgba(0, 0, 0, 0);\">\u00a0<\/mark>B Formula : 295\u20ac &#8211; Formule C Formula : 475\u20ac<\/strong><\/a><\/p>\r\n\r\n\r\n\r\n<p>&#8212;&#8212;&#8212;&#8212;&#8212;&#8212;&#8212;&#8212;&#8212;&#8212;&#8212;&#8212;&#8212;&#8212;&#8212;&#8212;&#8212;&#8212;&#8212;&#8212;&#8212;&#8212;&#8212;&#8212;&#8212;&#8212;&#8212;&#8212;&#8212;&#8212;&#8212;&#8212;&#8212;&#8212;&#8212;&#8212;&#8212;-<\/p>\r\n\r\n\r\n\r\n<p class=\"has-text-align-right\"><strong>KORALA (10 urtetik goiti) : asteartean, <strong>Donazaharren<\/strong><\/strong>, <strong>17:30-18:45<\/strong><\/p>\r\n\r\n\r\n\r\n<p class=\"has-text-align-right\"><strong><mark class=\"has-inline-color has-vivid-cyan-blue-color\" style=\"background-color: rgba(0, 0, 0, 0);\">KORALA (\u00e0 partir de 10 ans) : les mardis, <mark class=\"has-inline-color has-vivid-cyan-blue-color\" style=\"background-color: rgba(0, 0, 0, 0);\"><strong>\u00e0 Saint Jean le Vieux,<\/strong><\/mark> 17:30-18:45<\/mark><\/strong><\/p>\r\n<p style=\"text-align: center;\"><strong><a href=\"https:\/\/www.iparralai.org\/?page_id=1707\">Formule A Formula : 190\u20ac &#8211; Formule C \/ D Formula : 475\u20ac &#8211; Formule D&rsquo; Formula : 500\u20ac &#8211; Formule E&rsquo; Formula : 680\u20ac <\/a><\/strong><\/p>\r\n<p>&nbsp;<\/p>\r\n\r\n\r\n\r\n<div class=\"wp-block-columns is-layout-flex wp-container-core-columns-is-layout-9d6595d7 wp-block-columns-is-layout-flex\">\r\n<div class=\"wp-block-column is-layout-flow wp-block-column-is-layout-flow\">\r\n<figure class=\"wp-block-image size-full is-resized\"><img fetchpriority=\"high\" decoding=\"async\" class=\"wp-image-2115\" src=\"https:\/\/www.iparralai.org\/wp-content\/uploads\/2020\/08\/Denise-Olhagaray.jpeg\" alt=\"\" width=\"313\" height=\"208\" srcset=\"https:\/\/www.iparralai.org\/wp-content\/uploads\/2020\/08\/Denise-Olhagaray.jpeg 511w, https:\/\/www.iparralai.org\/wp-content\/uploads\/2020\/08\/Denise-Olhagaray-300x200.jpeg 300w\" sizes=\"(max-width: 313px) 100vw, 313px\" \/>\r\n<figcaption>Denise OLHAGARAY,<br \/>Erakaslea Donazaharren, euskalduna eta frantsesduna.<br \/><mark class=\"has-inline-color has-vivid-cyan-blue-color\" style=\"background-color: rgba(0, 0, 0, 0);\">Prof \u00e0 St Jean Le Vieux, bascophone et francophone<\/mark><\/figcaption>\r\n<\/figure>\r\n\r\n\r\n\r\n<figure class=\"wp-block-image size-large is-resized\"><img decoding=\"async\" class=\"wp-image-3763\" src=\"https:\/\/www.iparralai.org\/wp-content\/uploads\/2023\/06\/IMG_0489-1024x683.jpg\" alt=\"\" width=\"312\" height=\"208\" srcset=\"https:\/\/www.iparralai.org\/wp-content\/uploads\/2023\/06\/IMG_0489-1024x683.jpg 1024w, https:\/\/www.iparralai.org\/wp-content\/uploads\/2023\/06\/IMG_0489-300x200.jpg 300w, https:\/\/www.iparralai.org\/wp-content\/uploads\/2023\/06\/IMG_0489-768x512.jpg 768w, https:\/\/www.iparralai.org\/wp-content\/uploads\/2023\/06\/IMG_0489-1536x1024.jpg 1536w, https:\/\/www.iparralai.org\/wp-content\/uploads\/2023\/06\/IMG_0489-2048x1365.jpg 2048w, https:\/\/www.iparralai.org\/wp-content\/uploads\/2023\/06\/IMG_0489-750x500.jpg 750w\" sizes=\"(max-width: 312px) 100vw, 312px\" \/><\/figure>\r\n\r\n\r\n\r\n<div class=\"wp-block-buttons is-layout-flex wp-block-buttons-is-layout-flex\">\r\n<div class=\"wp-block-button\"><a class=\"wp-block-button__link\" href=\"https:\/\/www.iparralai.org\/wp-content\/uploads\/2025\/07\/KANTU-KORALA.pdf\">+ d&rsquo;infos<\/a><\/div>\r\n<\/div>\r\n\r\n\r\n\r\n<div class=\"wp-block-buttons is-layout-flex wp-block-buttons-is-layout-flex\"><\/div>\r\n<\/div>\r\n\r\n\r\n\r\n<div class=\"wp-block-column is-layout-flow wp-block-column-is-layout-flow\">\r\n<h4 class=\"wp-block-heading\"><strong>avec <\/strong>DENISE OLHAGARAI-<strong>ekin<\/strong><\/h4>\r\n\r\n\r\n\r\n<div class=\"wp-block-group\"><div class=\"wp-block-group__inner-container is-layout-flow wp-block-group-is-layout-flow\">\r\n<blockquote class=\"wp-block-quote has-medium-font-size is-layout-flow wp-block-quote-is-layout-flow\">\r\n<p><strong>\u00ab Botza esploratzen dugu. Inprobisatuz, soinua eta mugimendua lotuz, eta emozioak partekatuz jostatzen gira\u00a0\u00bb\u00a0<\/strong><\/p>\r\n<\/blockquote>\r\n\r\n\r\n\r\n<p>Kurtsoa euskaraz egiten dut eta mundu osoko errepertorioa lantzen dugu, hizkuntza desberdinetan kantatuz.<\/p>\r\n\r\n\r\n\r\n<blockquote class=\"wp-block-quote has-medium-font-size is-layout-flow wp-block-quote-is-layout-flow\">\r\n<p><strong><mark class=\"has-inline-color has-vivid-cyan-blue-color\" style=\"background-color: rgba(0, 0, 0, 0);\">\u00ab Nous explorons la voix et jouons avec les \u00e9motions par le biais de l\u2019improvisation, en reliant le son avec le mouvement et en partageant les \u00e9motions\u00bb<\/mark><\/strong><\/p>\r\n<\/blockquote>\r\n\r\n\r\n\r\n<p><mark class=\"has-inline-color has-vivid-cyan-blue-color\" style=\"background-color: rgba(0, 0, 0, 0);\">Le cours se d\u00e9roule en basque et nous chantons tout type de r\u00e9pertoire dans des langues diff\u00e9rentes.<\/mark><\/p>\r\n<\/div><\/div>\r\n<\/div>\r\n<\/div>\r\n","protected":false},"excerpt":{"rendered":"<p>KANTU 1 (6-7 urte) : asteazkenetan, Donazaharren, 16:00-17:00 KANTU 1 (6-7 ans) : les mercredis, \u00e0 Saint Jean le Vieux, 16:00-17:00\u00a0 Formule A Formula : 190\u20ac -Formule B Formula : 295\u20ac KANTU 2 (8-9 urte) : asteazkenetan, Donazaharren, 15:00-16:00 &#8211;\u00a0 KANTU 2 (8-9 ans) : les mercredis, \u00e0 Saint Jean le Vieux, 15:00-16:00 Formule A&hellip;<a href=\"https:\/\/www.iparralai.org\/index.php\/1428-2\/\" class=\"more-link\">Continue reading <span class=\"screen-reader-text\">KANTU eta KORALA<\/span><\/a><\/p>\n","protected":false},"author":1,"featured_media":0,"parent":0,"menu_order":0,"comment_status":"closed","ping_status":"closed","template":"page_fullwidth.php","meta":{"footnotes":""},"class_list":["post-1428","page","type-page","status-publish","hentry"],"_links":{"self":[{"href":"https:\/\/www.iparralai.org\/index.php\/wp-json\/wp\/v2\/pages\/1428","targetHints":{"allow":["GET"]}}],"collection":[{"href":"https:\/\/www.iparralai.org\/index.php\/wp-json\/wp\/v2\/pages"}],"about":[{"href":"https:\/\/www.iparralai.org\/index.php\/wp-json\/wp\/v2\/types\/page"}],"author":[{"embeddable":true,"href":"https:\/\/www.iparralai.org\/index.php\/wp-json\/wp\/v2\/users\/1"}],"replies":[{"embeddable":true,"href":"https:\/\/www.iparralai.org\/index.php\/wp-json\/wp\/v2\/comments?post=1428"}],"version-history":[{"count":48,"href":"https:\/\/www.iparralai.org\/index.php\/wp-json\/wp\/v2\/pages\/1428\/revisions"}],"predecessor-version":[{"id":4738,"href":"https:\/\/www.iparralai.org\/index.php\/wp-json\/wp\/v2\/pages\/1428\/revisions\/4738"}],"wp:attachment":[{"href":"https:\/\/www.iparralai.org\/index.php\/wp-json\/wp\/v2\/media?parent=1428"}],"curies":[{"name":"wp","href":"https:\/\/api.w.org\/{rel}","templated":true}]}}