{"id":1473,"date":"2020-07-17T13:13:31","date_gmt":"2020-07-17T11:13:31","guid":{"rendered":"http:\/\/iparralai.org\/?page_id=1473"},"modified":"2025-06-23T16:49:48","modified_gmt":"2025-06-23T14:49:48","slug":"alboka","status":"publish","type":"page","link":"https:\/\/www.iparralai.org\/index.php\/alboka\/","title":{"rendered":"Alboka"},"content":{"rendered":"\r\n\r\n\r\n<p><strong><a href=\"https:\/\/www.iparralai.org\/?page_id=1707\">Formule C \/ D Formula : 475\u20ac &#8211; <\/a><a href=\"https:\/\/www.iparralai.org\/?page_id=1707\">Formule <\/a><a href=\"https:\/\/www.iparralai.org\/?page_id=1707\">D&rsquo; <\/a><a href=\"https:\/\/www.iparralai.org\/?page_id=1707\">Formula <\/a><a href=\"https:\/\/www.iparralai.org\/?page_id=1707\">: 500\u20ac &#8211; <\/a><a href=\"https:\/\/www.iparralai.org\/?page_id=1707\">Formule <\/a><a href=\"https:\/\/www.iparralai.org\/?page_id=1707\">E <\/a><a href=\"https:\/\/www.iparralai.org\/?page_id=1707\">Formula <\/a><a href=\"https:\/\/www.iparralai.org\/?page_id=1707\">: 350\u20ac &#8211; <\/a><a href=\"https:\/\/www.iparralai.org\/?page_id=1707\">Formule <\/a><a href=\"https:\/\/www.iparralai.org\/?page_id=1707\">E&rsquo; <\/a><a href=\"https:\/\/www.iparralai.org\/?page_id=1707\">Formula <\/a><a href=\"https:\/\/www.iparralai.org\/?page_id=1707\">: 680\u20ac<\/a> <\/strong><\/p>\r\n\r\n\r\n\r\n<h2 class=\"wp-block-heading\"><mark class=\"has-inline-color has-vivid-cyan-blue-color\" style=\"background-color: rgba(0, 0, 0, 0);\"><em>\u00a0\u00bb le soinu ttiki s&rsquo;est impos\u00e9 sur le territoire de l&rsquo;alboka \u00ab\u00a0<\/em><\/mark><\/h2>\r\n\r\n\r\n\r\n<div class=\"wp-block-columns is-layout-flex wp-container-core-columns-is-layout-9d6595d7 wp-block-columns-is-layout-flex\">\r\n<div class=\"wp-block-column is-layout-flow wp-block-column-is-layout-flow\">\r\n\r\n\r\n<p>&nbsp;<\/p>\r\n<p class=\"has-text-align-center\">Eten gabeko hatsaren teknikari buruz lan zapatua izanen da. Doblezko bourdoiaren jokoak duen berezitasunari doakion eriketa eta apaindura landuko ditugu ere bai. Tradizionalezko eta berizko errepertorio osatuko dugu. Denbora berean, zergatik ez genezaken jo beste musika tresnekin: soinu ttikia, panderoa eta pianoa bezala\u2026<\/p>\r\n<p class=\"has-text-align-center\">\r\n\r\n<\/p>\r\n<p class=\"has-text-align-center\"><mark class=\"has-inline-color has-vivid-cyan-blue-color\" style=\"background-color: rgba(0, 0, 0, 0);\">L&rsquo;accent sera mis sur la technique du souffle continu ainsi que sur les doigt\u00e9s et les ornements si caract\u00e9ristiques de ce jeu en double bourdon. Nous travaillerons un r\u00e9pertoire local, des compositions r\u00e9centes, et pourquoi pas un m\u00e9lange des deux en jouant avec d\u2019autres instruments comme le soinu ttiki, le pandero, le piano\u2026<\/mark><\/p>\r\n<p class=\"has-text-align-center\"><\/p>\r\n<\/div>\r\n\r\n\r\n\r\n<div class=\"wp-block-column is-layout-flow wp-block-column-is-layout-flow\">\r\n<figure class=\"wp-block-image size-large is-resized\"><img fetchpriority=\"high\" decoding=\"async\" class=\"wp-image-2673\" src=\"http:\/\/iparralai.org\/wp-content\/uploads\/2021\/06\/SDC10764-1-1024x768.jpg\" alt=\"\" width=\"327\" height=\"245\" srcset=\"https:\/\/www.iparralai.org\/wp-content\/uploads\/2021\/06\/SDC10764-1-1024x768.jpg 1024w, https:\/\/www.iparralai.org\/wp-content\/uploads\/2021\/06\/SDC10764-1-300x225.jpg 300w, https:\/\/www.iparralai.org\/wp-content\/uploads\/2021\/06\/SDC10764-1-768x576.jpg 768w, https:\/\/www.iparralai.org\/wp-content\/uploads\/2021\/06\/SDC10764-1-1536x1152.jpg 1536w, https:\/\/www.iparralai.org\/wp-content\/uploads\/2021\/06\/SDC10764-1-2048x1536.jpg 2048w, https:\/\/www.iparralai.org\/wp-content\/uploads\/2021\/06\/SDC10764-1-750x563.jpg 750w\" sizes=\"(max-width: 327px) 100vw, 327px\" \/>\r\n<figcaption>Julie MARY,<br \/>Erakaslea Donazaharren asteazkenetan eta Baigorrin ostegunetan<br \/>Euskalduna eta frantsesduna.<br \/><span class=\"has-inline-color has-vivid-cyan-blue-color\">Prof \u00e0 Saint Jean le Vieux les mercredis et Baigorri les jeudis <br \/>Bascophone et francophone<\/span><\/figcaption>\r\n<\/figure>\r\n\r\n\r\n\r\n<p class=\"has-text-align-center\"><\/p>\r\n<\/div>\r\n<\/div>\r\n<!-- \/wp:post-content -->\r\n\r\n<!-- wp:paragraph \/-->\r\n\r\n<!-- wp:themeisle-blocks\/advanced-columns {\"id\":\"wp-block-themeisle-blocks-advanced-columns-e4373a2b\",\"columns\":1,\"layout\":\"equal\",\"columnsGap\":\"nogap\",\"paddingType\":\"unlinked\",\"paddingTypeTablet\":\"unlinked\",\"paddingTablet\":40,\"paddingMobile\":20,\"paddingTop\":80,\"paddingTopTablet\":40,\"paddingTopMobile\":20,\"paddingRightTablet\":20,\"paddingBottom\":80,\"paddingBottomTablet\":40,\"paddingLeftTablet\":20,\"marginMobile\":0,\"marginTop\":0,\"marginTopTablet\":0,\"marginTopMobile\":0,\"marginBottom\":0,\"marginBottomTablet\":0,\"marginBottomMobile\":0,\"columnsWidth\":900,\"horizontalAlign\":\"center\",\"verticalAlign\":\"flex-start\",\"columnsHTMLTag\":\"section\",\"align\":\"full\"} -->\r\n<section id=\"wp-block-themeisle-blocks-advanced-columns-e4373a2b\" class=\"wp-block-themeisle-blocks-advanced-columns alignfull has-1-columns has-desktop-equal-layout has-tablet-equal-layout has-mobile-equal-layout has-nogap-gap has-vertical-flex-start\"><!-- wp:paragraph {\"align\":\"center\"} -->\r\n<p class=\"has-text-align-center\">Panderoa, soinu ttikia, alboka, ahotsa eta dantza. 3 soinu tresna eta gai horiek landuko edota hurbilduko ditugu elgarrekin. Euskal Herrian eta munduan zehar bidaiatuko gira musikaria izateko autonomia musikala, eskuzabaltasuna, elkarlana eta taldean jotzea helburuak beterik.<\/p>\r\n<p class=\"has-text-align-center\"><!-- \/wp:paragraph -->\r\n\r\n<!-- wp:paragraph {\"align\":\"center\"} --><\/p>\r\n<p class=\"has-text-align-center\"><mark class=\"has-inline-color has-vivid-cyan-blue-color\" style=\"background-color: rgba(0, 0, 0, 0);\">Panderoa, soinu ttikia, alboka, la voix et la danse. Nous travaillerons et\/ou aborderons ces 3 instruments et th\u00e8me. Nous voyagerons en Euskal Herri et \u00e0 travers le monde avec pour objectifs l\u2019autonomie musicale, la g\u00e9n\u00e9rosit\u00e9, la coop\u00e9ration et le jeu en groupe afin de devenir musicien.<\/mark><\/p>\r\n<div class=\"wp-block-themeisle-blocks-advanced-columns-overlay\">\u00a0<\/div>\r\n<div class=\"innerblocks-wrap\"><!-- wp:themeisle-blocks\/advanced-column {\"id\":\"wp-block-themeisle-blocks-advanced-column-0b9db5af\",\"padding\":0,\"paddingTablet\":0,\"paddingMobile\":0,\"marginTop\":0,\"marginBottom\":0,\"columnWidth\":\"100\"} -->\r\n<div id=\"wp-block-themeisle-blocks-advanced-column-0b9db5af\" class=\"wp-block-themeisle-blocks-advanced-column\"><!-- wp:themeisle-blocks\/advanced-heading {\"id\":\"wp-block-themeisle-blocks-advanced-heading-58886b0a\",\"tag\":\"div\",\"align\":\"center\",\"fontSize\":14,\"textTransform\":\"uppercase\",\"marginType\":\"linked\"} -->\r\n<div id=\"wp-block-themeisle-blocks-advanced-heading-58886b0a\" class=\"wp-block-themeisle-blocks-advanced-heading wp-block-themeisle-blocks-advanced-heading-58886b0a\"><strong>Albokerue.com<\/strong><\/div>\r\n<!-- \/wp:themeisle-blocks\/advanced-heading -->\r\n\r\n<!-- wp:heading {\"textAlign\":\"center\"} -->\r\n<h2 class=\"has-text-align-center\">Eguzkie joan da &#8211; Alboka<\/h2>\r\n<!-- \/wp:heading -->\r\n\r\n<!-- wp:separator {\"opacity\":\"css\",\"backgroundColor\":\"black\"} --><hr class=\"wp-block-separator has-text-color has-black-color has-css-opacity has-black-background-color has-background\" \/><!-- \/wp:separator -->\r\n\r\n<!-- wp:embed {\"url\":\"https:\/\/www.youtube.com\/watch?v=08AbsEu0RbE\",\"type\":\"video\",\"providerNameSlug\":\"youtube\",\"responsive\":true,\"align\":\"center\",\"className\":\"wp-embed-aspect-16-9 wp-has-aspect-ratio\"} -->\r\n<figure class=\"wp-block-embed aligncenter is-type-video is-provider-youtube wp-block-embed-youtube wp-embed-aspect-16-9 wp-has-aspect-ratio\">\r\n<div class=\"wp-block-embed__wrapper\">https:\/\/www.youtube.com\/watch?v=08AbsEu0RbE<\/div>\r\n<\/figure>\r\n<!-- \/wp:embed -->\r\n\r\n<!-- wp:themeisle-blocks\/advanced-columns {\"id\":\"wp-block-themeisle-blocks-advanced-columns-6fc7adce\",\"columns\":2,\"layout\":\"equal\",\"layoutMobile\":\"collapsedRows\",\"columnsGap\":\"nogap\",\"padding\":0,\"paddingTablet\":0,\"paddingMobile\":0,\"paddingTop\":80,\"paddingTopTablet\":40,\"paddingTopMobile\":20,\"paddingRightTablet\":20,\"paddingBottom\":80,\"paddingBottomTablet\":40,\"paddingLeftTablet\":20,\"marginMobile\":0,\"marginTop\":0,\"marginTopTablet\":0,\"marginTopMobile\":0,\"marginBottom\":0,\"marginBottomTablet\":0,\"marginBottomMobile\":0,\"columnsWidth\":1170,\"horizontalAlign\":\"center\",\"verticalAlign\":\"flex-start\",\"columnsHTMLTag\":\"section\"} -->\r\n<section id=\"wp-block-themeisle-blocks-advanced-columns-6fc7adce\" class=\"wp-block-themeisle-blocks-advanced-columns has-2-columns has-desktop-equal-layout has-tablet-equal-layout has-mobile-collapsedRows-layout has-nogap-gap has-vertical-flex-start\">\r\n<div class=\"wp-block-themeisle-blocks-advanced-columns-overlay\">\u00a0<\/div>\r\n<div class=\"innerblocks-wrap\"><!-- wp:themeisle-blocks\/advanced-column {\"id\":\"wp-block-themeisle-blocks-advanced-column-25e97a9a\",\"paddingTablet\":20,\"paddingMobile\":20,\"paddingRight\":0,\"paddingLeft\":0,\"marginTop\":0,\"marginBottom\":0,\"columnWidth\":\"50\"} -->\r\n<div id=\"wp-block-themeisle-blocks-advanced-column-25e97a9a\" class=\"wp-block-themeisle-blocks-advanced-column\">\u00a0<\/div>\r\n<!-- \/wp:themeisle-blocks\/advanced-column -->\r\n\r\n<!-- wp:themeisle-blocks\/advanced-column {\"id\":\"wp-block-themeisle-blocks-advanced-column-b5b3ad1c\",\"paddingTablet\":20,\"paddingLeft\":0,\"marginTop\":0,\"marginBottom\":0,\"columnWidth\":\"50\"} -->\r\n<div id=\"wp-block-themeisle-blocks-advanced-column-b5b3ad1c\" class=\"wp-block-themeisle-blocks-advanced-column\">\u00a0<\/div>\r\n<!-- \/wp:themeisle-blocks\/advanced-column --><\/div>\r\n<\/section>\r\n<!-- \/wp:themeisle-blocks\/advanced-columns --><\/div>\r\n<!-- \/wp:themeisle-blocks\/advanced-column --><\/div>\r\n<\/section>\r\n<!-- \/wp:paragraph -->","protected":false},"excerpt":{"rendered":"<p>Formule C \/ D Formula : 475\u20ac &#8211; Formule D&rsquo; Formula : 500\u20ac &#8211; Formule E Formula : 350\u20ac &#8211; Formule E&rsquo; Formula : 680\u20ac \u00a0\u00bb le soinu ttiki s&rsquo;est impos\u00e9 sur le territoire de l&rsquo;alboka \u00ab\u00a0 &nbsp; Eten gabeko hatsaren teknikari buruz lan zapatua izanen da. Doblezko bourdoiaren jokoak duen berezitasunari doakion eriketa eta&hellip;<a href=\"https:\/\/www.iparralai.org\/index.php\/alboka\/\" class=\"more-link\">Continue reading <span class=\"screen-reader-text\">Alboka<\/span><\/a><\/p>\n","protected":false},"author":1,"featured_media":0,"parent":0,"menu_order":0,"comment_status":"closed","ping_status":"closed","template":"page_fullwidth.php","meta":{"footnotes":""},"class_list":["post-1473","page","type-page","status-publish","hentry"],"_links":{"self":[{"href":"https:\/\/www.iparralai.org\/index.php\/wp-json\/wp\/v2\/pages\/1473","targetHints":{"allow":["GET"]}}],"collection":[{"href":"https:\/\/www.iparralai.org\/index.php\/wp-json\/wp\/v2\/pages"}],"about":[{"href":"https:\/\/www.iparralai.org\/index.php\/wp-json\/wp\/v2\/types\/page"}],"author":[{"embeddable":true,"href":"https:\/\/www.iparralai.org\/index.php\/wp-json\/wp\/v2\/users\/1"}],"replies":[{"embeddable":true,"href":"https:\/\/www.iparralai.org\/index.php\/wp-json\/wp\/v2\/comments?post=1473"}],"version-history":[{"count":48,"href":"https:\/\/www.iparralai.org\/index.php\/wp-json\/wp\/v2\/pages\/1473\/revisions"}],"predecessor-version":[{"id":4378,"href":"https:\/\/www.iparralai.org\/index.php\/wp-json\/wp\/v2\/pages\/1473\/revisions\/4378"}],"wp:attachment":[{"href":"https:\/\/www.iparralai.org\/index.php\/wp-json\/wp\/v2\/media?parent=1473"}],"curies":[{"name":"wp","href":"https:\/\/api.w.org\/{rel}","templated":true}]}}