{"id":1520,"date":"2020-07-20T12:40:58","date_gmt":"2020-07-20T10:40:58","guid":{"rendered":"http:\/\/iparralai.org\/?page_id=1520"},"modified":"2025-07-01T14:03:52","modified_gmt":"2025-07-01T12:03:52","slug":"1520-2","status":"publish","type":"page","link":"https:\/\/www.iparralai.org\/index.php\/1520-2\/","title":{"rendered":"Atelier TXARANGA Tailerra"},"content":{"rendered":"\r\n<p><strong><a href=\"https:\/\/www.iparralai.org\/?page_id=1707\">Formule A Formula : 190\u20ac &#8211; Formule D Formula : 475\u20ac &#8211; Formule D&rsquo; Formula : 500\u20ac &#8211; Formule E&rsquo; Formula : 680\u20ac <\/a><\/strong><\/p>\r\n\r\n\r\n\r\n<div class=\"wp-block-columns is-layout-flex wp-container-core-columns-is-layout-9d6595d7 wp-block-columns-is-layout-flex\">\r\n<div class=\"wp-block-column is-layout-flow wp-block-column-is-layout-flow\">\r\n<figure class=\"wp-block-image size-large\"><img fetchpriority=\"high\" decoding=\"async\" width=\"1024\" height=\"830\" class=\"wp-image-3766\" src=\"https:\/\/www.iparralai.org\/wp-content\/uploads\/2023\/06\/PHOTO-2023-06-23-14-33-51-1024x830.jpg\" alt=\"\" srcset=\"https:\/\/www.iparralai.org\/wp-content\/uploads\/2023\/06\/PHOTO-2023-06-23-14-33-51-1024x830.jpg 1024w, https:\/\/www.iparralai.org\/wp-content\/uploads\/2023\/06\/PHOTO-2023-06-23-14-33-51-300x243.jpg 300w, https:\/\/www.iparralai.org\/wp-content\/uploads\/2023\/06\/PHOTO-2023-06-23-14-33-51-768x623.jpg 768w, https:\/\/www.iparralai.org\/wp-content\/uploads\/2023\/06\/PHOTO-2023-06-23-14-33-51-750x608.jpg 750w, https:\/\/www.iparralai.org\/wp-content\/uploads\/2023\/06\/PHOTO-2023-06-23-14-33-51.jpg 1084w\" sizes=\"(max-width: 1024px) 100vw, 1024px\" \/><\/figure>\r\n\r\n\r\n\r\n<figure class=\"wp-block-image size-full\"><img decoding=\"async\" class=\"alignnone wp-image-4551 \" src=\"https:\/\/www.iparralai.org\/wp-content\/uploads\/2025\/06\/IMG_1032-300x225.jpg\" alt=\"\" width=\"517\" height=\"388\" srcset=\"https:\/\/www.iparralai.org\/wp-content\/uploads\/2025\/06\/IMG_1032-300x225.jpg 300w, https:\/\/www.iparralai.org\/wp-content\/uploads\/2025\/06\/IMG_1032-1024x768.jpg 1024w, https:\/\/www.iparralai.org\/wp-content\/uploads\/2025\/06\/IMG_1032-768x576.jpg 768w, https:\/\/www.iparralai.org\/wp-content\/uploads\/2025\/06\/IMG_1032-1536x1152.jpg 1536w, https:\/\/www.iparralai.org\/wp-content\/uploads\/2025\/06\/IMG_1032-2048x1536.jpg 2048w, https:\/\/www.iparralai.org\/wp-content\/uploads\/2025\/06\/IMG_1032-750x563.jpg 750w\" sizes=\"(max-width: 517px) 100vw, 517px\" \/>\r\n<figcaption><\/figcaption>\r\n<\/figure>\r\n<\/div>\r\n\r\n\r\n\r\n<div class=\"wp-block-column is-layout-flow wp-block-column-is-layout-flow\">\r\n<h4 class=\"wp-block-heading\"><strong>avec MARIE ERRECART<\/strong>&#8211;<strong>ekin<\/strong><\/h4>\r\n\r\n\r\n\r\n<h2 class=\"wp-block-heading\"><em>\u00ab\u00a0Gure errepertorioa musika eta dantza tradizionalan oinarritzen da<\/em>\u00ab\u00a0<\/h2>\r\n\r\n\r\n\r\n<p><strong>Ostiraletan, 18:00-19:00, Donazaharren<\/strong>, <strong>euskaraz eta frantsesez.<\/strong><\/p>\r\n\r\n\r\n\r\n<p><strong><mark class=\"has-inline-color has-vivid-cyan-blue-color\" style=\"background-color: rgba(0, 0, 0, 0);\">Le vendredi de 18h \u00e0 19h, \u00e0 Saint Jean le Vieux en basque et en fran\u00e7ais.<\/mark><\/strong><\/p>\r\n\r\n\r\n\r\n<p>&#8212;&#8212;&#8212;&#8212;&#8212;&#8212;&#8212;&#8212;&#8212;&#8212;&#8212;&#8212;&#8212;&#8212;&#8212;&#8212;&#8212;-<\/p>\r\n\r\n\r\n\r\n<p>Musikari guziak ongi etorriak dira\u00a0<strong><mark class=\"has-inline-color has-vivid-purple-color\" style=\"background-color: rgba(0, 0, 0, 0);\">xutik eta ibiliz jotzen ahal baldin badute<\/mark><\/strong>. Elgarrekin musika jo, karrikarako errepertorio bat ukan, tokiko kantu eta dantza osaturik, parte hartu tokiko gertakarietan: \u00ab\u00a0T\u00e9l\u00e9thon\u00a0\u00bb, Olentzero, Ihauteriak eta musika bestan, besteak beste&#8230; gure helburua da.<\/p>\r\n\r\n\r\n\r\n<p><mark class=\"has-inline-color has-vivid-cyan-blue-color\" style=\"background-color: rgba(0, 0, 0, 0);\">Tous les instrumentistes peuvent y participer \u00e0 la condition de\u00a0<\/mark><strong><mark class=\"has-inline-color has-vivid-purple-color\" style=\"background-color: rgba(0, 0, 0, 0);\">pouvoir jouer debout et en marchant<\/mark><\/strong><mark class=\"has-inline-color has-vivid-cyan-blue-color\" style=\"background-color: rgba(0, 0, 0, 0);\">.\u00a0Notre objectif est de jouer en collectif, constituer un r\u00e9pertoire de rue, de danses et de chants li\u00e9 \u00e0 notre territoire, contribuer \u00e0 l&rsquo;animation d&rsquo;\u00e9v\u00e8nements locaux organis\u00e9s comme le T\u00e9l\u00e9thon, Olentzero, Ihauteri, f\u00eate de la musique entre autres.<\/mark><\/p>\r\n<\/div>\r\n<\/div>\r\n","protected":false},"excerpt":{"rendered":"<p>Formule A Formula : 190\u20ac &#8211; Formule D Formula : 475\u20ac &#8211; Formule D&rsquo; Formula : 500\u20ac &#8211; Formule E&rsquo; Formula : 680\u20ac avec MARIE ERRECART&#8211;ekin \u00ab\u00a0Gure errepertorioa musika eta dantza tradizionalan oinarritzen da\u00ab\u00a0 Ostiraletan, 18:00-19:00, Donazaharren, euskaraz eta frantsesez. Le vendredi de 18h \u00e0 19h, \u00e0 Saint Jean le Vieux en basque et en&hellip;<a href=\"https:\/\/www.iparralai.org\/index.php\/1520-2\/\" class=\"more-link\">Continue reading <span class=\"screen-reader-text\">Atelier TXARANGA Tailerra<\/span><\/a><\/p>\n","protected":false},"author":1,"featured_media":0,"parent":0,"menu_order":0,"comment_status":"closed","ping_status":"closed","template":"page_fullwidth.php","meta":{"footnotes":""},"class_list":["post-1520","page","type-page","status-publish","hentry"],"_links":{"self":[{"href":"https:\/\/www.iparralai.org\/index.php\/wp-json\/wp\/v2\/pages\/1520","targetHints":{"allow":["GET"]}}],"collection":[{"href":"https:\/\/www.iparralai.org\/index.php\/wp-json\/wp\/v2\/pages"}],"about":[{"href":"https:\/\/www.iparralai.org\/index.php\/wp-json\/wp\/v2\/types\/page"}],"author":[{"embeddable":true,"href":"https:\/\/www.iparralai.org\/index.php\/wp-json\/wp\/v2\/users\/1"}],"replies":[{"embeddable":true,"href":"https:\/\/www.iparralai.org\/index.php\/wp-json\/wp\/v2\/comments?post=1520"}],"version-history":[{"count":36,"href":"https:\/\/www.iparralai.org\/index.php\/wp-json\/wp\/v2\/pages\/1520\/revisions"}],"predecessor-version":[{"id":4711,"href":"https:\/\/www.iparralai.org\/index.php\/wp-json\/wp\/v2\/pages\/1520\/revisions\/4711"}],"wp:attachment":[{"href":"https:\/\/www.iparralai.org\/index.php\/wp-json\/wp\/v2\/media?parent=1520"}],"curies":[{"name":"wp","href":"https:\/\/api.w.org\/{rel}","templated":true}]}}