{"id":1707,"date":"2020-07-21T16:03:09","date_gmt":"2020-07-21T14:03:09","guid":{"rendered":"http:\/\/iparralai.org\/?page_id=1707"},"modified":"2025-06-27T10:47:39","modified_gmt":"2025-06-27T08:47:39","slug":"1707-2","status":"publish","type":"page","link":"https:\/\/www.iparralai.org\/index.php\/1707-2\/","title":{"rendered":"Prezioak &#8211; Tarifs"},"content":{"rendered":"<div class=\"wp-block-themeisle-blocks-advanced-column\" style=\"text-align: right;\">\r\n<figure class=\"wp-block-table is-style-stripes\"><\/figure>\r\n<\/div>\r\n<div class=\"wp-block-themeisle-blocks-advanced-column\" style=\"text-align: right;\">\r\n<figure class=\"wp-block-table is-style-stripes\">\r\n<table class=\"has-fixed-layout\" style=\"height: 1305px;\" width=\"1373\">\r\n<tbody>\r\n<tr>\r\n<td><span style=\"color: #3366ff;\"><strong>Formation A Formula\u00a0<\/strong><\/span><\/td>\r\n<td class=\"has-text-align-center\" style=\"text-align: center;\" data-align=\"center\">190\u20ac<\/td>\r\n<td class=\"has-text-align-center\" style=\"text-align: center;\" data-align=\"center\"><span style=\"color: #000000;\"><a style=\"color: #000000;\" href=\"https:\/\/www.iparralai.org\/index.php\/antzerkia-le-theatre\/\">Antzerkia &#8211; Th\u00e9\u00e2tre<\/a><\/span>\r\n<span style=\"color: #000000;\">ou \/ edo <\/span>\r\n<span style=\"color: #000000;\"><a style=\"color: #000000;\" href=\"https:\/\/www.iparralai.org\/index.php\/musika-tailerra-bakarrik-atelier-musical-seul-formation-e-formakuntza\/\">Musika Tailerra &#8211; Atelier Musical<\/a><\/span><\/td>\r\n<td class=\"has-text-align-center\" style=\"text-align: center;\" data-align=\"center\">1:00 astero\r\n1h par semaine<\/td>\r\n<td>\r\n<p style=\"text-align: center;\">6 urtetik goiti\r\nA partir de 6 ans<\/p>\r\n<\/td>\r\n<\/tr>\r\n<tr>\r\n<td><a href=\"https:\/\/www.iparralai.org\/index.php\/iniziazioa-inititation-formation-b\/\" target=\"_blank\" rel=\"noopener\"><strong>Formule B Formula :<\/strong><\/a>\r\nMusikarien iratzartzea (iniziazioa)Musicien en herbe (initiation)<\/td>\r\n<td class=\"has-text-align-center\" data-align=\"center\">\r\n<p style=\"text-align: center;\">295\u20ac<\/p>\r\n<\/td>\r\n<td class=\"has-text-align-center\" data-align=\"center\">\r\n<p style=\"text-align: center;\"><a href=\"https:\/\/www.iparralai.org\/index.php\/1428-2\/\">KANTU<\/a> edo \/ ou <a href=\"https:\/\/www.iparralai.org\/index.php\/batukada-tailerrak-ateliers-batukada\/\">BATUKADATTI<\/a>\r\n<span style=\"font-family: inherit; font-size: inherit;\">+\r\n1<\/span>\/2 ordu musika tresna entsegua\r\n<span style=\"font-family: inherit; font-size: inherit;\">1\/2h\u00a0 essais d&rsquo;instrument<\/span><\/p>\r\n<\/td>\r\n<td>\r\n<p style=\"text-align: center;\">1:30 astero\r\n1h30 par semaine<\/p>\r\n<\/td>\r\n<td style=\"text-align: center;\">7-8 ans\r\n7-8 urte<\/td>\r\n<\/tr>\r\n<tr>\r\n<td><a href=\"https:\/\/www.iparralai.org\/index.php\/ikasi-apprends\/\" target=\"_blank\" rel=\"noopener\"><strong>Formule C <\/strong><strong>Formula :<\/strong><\/a>\r\nMusikarien formakuntza (haura)Formation du musicien (enfant)<\/td>\r\n<td class=\"has-text-align-center\" data-align=\"center\">\r\n<p style=\"text-align: center;\">475\u20ac<\/p>\r\n&nbsp;<\/td>\r\n<td class=\"has-text-align-center\" data-align=\"center\">\r\n<p class=\"has-text-align-center\" style=\"text-align: center;\"><a href=\"https:\/\/www.iparralai.org\/index.php\/musika-tresnak-instruments-de-musique\/\">Musika tresna<\/a> +\u00a0<a href=\"https:\/\/www.iparralai.org\/index.php\/musika-heziketa-formation-musicale\/\">Musika heziketa (kittorik)<\/a> +<a href=\"https:\/\/www.iparralai.org\/index.php\/musika-heziketa-formation-musicale\/\">\r\n<\/a><a style=\"font-family: inherit; font-size: inherit;\" href=\"https:\/\/www.iparralai.org\/index.php\/musika-tailerra-bakarrik-atelier-musical-seul-formation-e-formakuntza\/\">Musika tailerra<\/a><span style=\"font-family: inherit; font-size: inherit;\">\u00a0edo\u00a0<\/span><a href=\"https:\/\/www.iparralai.org\/index.php\/antzerkia-le-theatre\/\" target=\"_blank\" rel=\"noopener\">Antzerkia<\/a><\/p>\r\n<p style=\"text-align: center;\"><a href=\"https:\/\/www.iparralai.org\/index.php\/musika-tresnak-instruments-de-musique\/\">Instrument de musique<\/a> +\u00a0<a href=\"https:\/\/www.iparralai.org\/index.php\/musika-heziketa-formation-musicale\/\">Formation musicale (gratuit)<\/a> +<a href=\"https:\/\/www.iparralai.org\/index.php\/musika-heziketa-formation-musicale\/\">\r\n<\/a><a href=\"https:\/\/www.iparralai.org\/index.php\/musika-tailerra-bakarrik-atelier-musical-seul-formation-e-formakuntza\/\">Atelier musical<\/a>\u00a0ou\u00a0<a href=\"https:\/\/www.iparralai.org\/index.php\/antzerkia-le-theatre\/\" target=\"_blank\" rel=\"noopener\">Th\u00e9\u00e2tre<\/a><\/p>\r\n<\/td>\r\n<td>\r\n<p style=\"text-align: center;\">2:30 astero\r\n2h30 par semaine<\/p>\r\n<\/td>\r\n<td style=\"text-align: center;\">8 urtetik goiti\r\nA partir de 8 ans<\/td>\r\n<\/tr>\r\n<tr>\r\n<td><strong><a href=\"https:\/\/www.iparralai.org\/index.php\/ikasi-apprends\/\" target=\"_blank\" rel=\"noopener\">Formule D Formula :<\/a>\r\n<\/strong>Musikarien formakuntza (nerabe eta helduak)Formation du musicien (ado et adulte)<\/td>\r\n<td class=\"has-text-align-center\" style=\"text-align: center;\" data-align=\"center\">475\u20ac<\/td>\r\n<td class=\"has-text-align-center\" style=\"text-align: center;\" data-align=\"center\">\r\n<p class=\"has-text-align-center\"><a href=\"https:\/\/www.iparralai.org\/index.php\/musika-tresnak-instruments-de-musique\/\">Musika tresna<\/a> +<a href=\"https:\/\/www.iparralai.org\/index.php\/musika-heziketa-formation-musicale\/\">\r\n<\/a><a style=\"font-family: inherit; font-size: inherit;\" href=\"https:\/\/www.iparralai.org\/index.php\/musika-tailerra-bakarrik-atelier-musical-seul-formation-e-formakuntza\/\">Musika tailerra<\/a><span style=\"font-family: inherit; font-size: inherit;\">\u00a0edo\u00a0<\/span><a href=\"https:\/\/www.iparralai.org\/index.php\/antzerkia-le-theatre\/\" target=\"_blank\" rel=\"noopener\">Antzerkia<\/a><\/p>\r\n<a href=\"https:\/\/www.iparralai.org\/index.php\/musika-tresnak-instruments-de-musique\/\">Instrument de musique<\/a> +<a href=\"https:\/\/www.iparralai.org\/index.php\/musika-heziketa-formation-musicale\/\">\r\n<\/a><a href=\"https:\/\/www.iparralai.org\/index.php\/musika-tailerra-bakarrik-atelier-musical-seul-formation-e-formakuntza\/\">Atelier musical<\/a>\u00a0ou\u00a0<a href=\"https:\/\/www.iparralai.org\/index.php\/antzerkia-le-theatre\/\" target=\"_blank\" rel=\"noopener\">Th\u00e9\u00e2tre<\/a><\/td>\r\n<td style=\"text-align: center;\">1:30 astero\r\n1h30 par semaine<\/td>\r\n<td style=\"text-align: center;\">12 urtetik goiti\r\nA partir de 12 ans<\/td>\r\n<\/tr>\r\n<tr>\r\n<td><strong><a href=\"https:\/\/www.iparralai.org\/index.php\/ikasi-apprends\/\" target=\"_blank\" rel=\"noopener\">Formule D&rsquo; Formula :<\/a>\r\n<\/strong>Musikarien formakuntza (nerabe eta helduak)Formation du musicien (ado et adulte)<\/td>\r\n<td class=\"has-text-align-center\" style=\"text-align: center;\" data-align=\"center\">500\u20ac<\/td>\r\n<td class=\"has-text-align-center\" style=\"text-align: center;\" data-align=\"center\">\r\n<p class=\"has-text-align-center\"><a href=\"https:\/\/www.iparralai.org\/index.php\/musika-tresnak-instruments-de-musique\/\">Musika tresna<\/a> +<a href=\"https:\/\/www.iparralai.org\/index.php\/musika-heziketa-formation-musicale\/\">\r\n<\/a><a style=\"font-family: inherit; font-size: inherit;\" href=\"https:\/\/www.iparralai.org\/index.php\/musika-tailerra-bakarrik-atelier-musical-seul-formation-e-formakuntza\/\">Musika tailerra<\/a><span style=\"font-family: inherit; font-size: inherit;\">\u00a0edo\u00a0<\/span><a href=\"https:\/\/www.iparralai.org\/index.php\/antzerkia-le-theatre\/\" target=\"_blank\" rel=\"noopener\">Antzerkia<\/a><span style=\"font-family: inherit; font-size: inherit;\">\u00a0+ Bigarren <\/span><a style=\"font-family: inherit; font-size: inherit;\" href=\"https:\/\/www.iparralai.org\/index.php\/musika-tailerra-bakarrik-atelier-musical-seul-formation-e-formakuntza\/\">Musika tailerra<\/a><span style=\"font-family: inherit; font-size: inherit;\">\u00a0edo\u00a0<\/span><a style=\"font-family: inherit; font-size: inherit;\" href=\"https:\/\/www.iparralai.org\/index.php\/antzerkia-le-theatre\/\" target=\"_blank\" rel=\"noopener\">Antzerkia<\/a><\/p>\r\n<a href=\"https:\/\/www.iparralai.org\/index.php\/musika-tresnak-instruments-de-musique\/\">Instrument de musique<\/a> +<a href=\"https:\/\/www.iparralai.org\/index.php\/musika-heziketa-formation-musicale\/\">\r\n<\/a><a href=\"https:\/\/www.iparralai.org\/index.php\/musika-tailerra-bakarrik-atelier-musical-seul-formation-e-formakuntza\/\">Atelier musical<\/a>\u00a0ou\u00a0<a href=\"https:\/\/www.iparralai.org\/index.php\/antzerkia-le-theatre\/\" target=\"_blank\" rel=\"noopener\">Th\u00e9\u00e2tre <\/a>+ 2e\u00a0<a href=\"https:\/\/www.iparralai.org\/index.php\/musika-tailerra-bakarrik-atelier-musical-seul-formation-e-formakuntza\/\">Atelier musical<\/a><a href=\"https:\/\/www.iparralai.org\/index.php\/antzerkia-le-theatre\/\" target=\"_blank\" rel=\"noopener\">\u00a0ou\u00a0<\/a><a href=\"https:\/\/www.iparralai.org\/index.php\/antzerkia-le-theatre\/\" target=\"_blank\" rel=\"noopener\">Th\u00e9\u00e2tre<\/a><\/td>\r\n<td style=\"text-align: center;\">2:30 astero\r\n2h30 par semaine<\/td>\r\n<td style=\"text-align: center;\">12 urtetik goiti\r\nA partir de 12 ans<\/td>\r\n<\/tr>\r\n<tr>\r\n<td><a href=\"https:\/\/www.iparralai.org\/index.php\/musika-tresnak-instruments-de-musique\/\" target=\"_blank\" rel=\"noopener\"><strong>Formule<\/strong><strong>E <\/strong><strong>Formula :<\/strong><\/a>\r\nMusika tresnaInstrument de musique<\/td>\r\n<td class=\"has-text-align-center\" style=\"text-align: center;\" data-align=\"center\">350\u20ac<\/td>\r\n<td style=\"text-align: center;\"><a href=\"https:\/\/www.iparralai.org\/index.php\/musika-tresnak-instruments-de-musique\/\">Musika tresna<\/a><\/td>\r\n<td style=\"text-align: center;\">0:30 astero\r\n0h30 par semaine<\/td>\r\n<td style=\"text-align: center;\">12 urtetik goiti\r\nA partir de 12 ans<\/td>\r\n<\/tr>\r\n<tr>\r\n<td><strong><a href=\"https:\/\/www.iparralai.org\/index.php\/ikasi-apprends\/\" target=\"_blank\" rel=\"noopener\">Formule E&rsquo; Formula :<\/a><\/strong>\r\n\r\nMusikarien garapena\r\n\r\nD\u00e9veloppement du musicien<\/td>\r\n<td class=\"has-text-align-center\" style=\"text-align: center;\" data-align=\"center\">680\u20ac<\/td>\r\n<td class=\"has-text-align-center\" style=\"text-align: center;\" data-align=\"center\"><a href=\"https:\/\/www.iparralai.org\/index.php\/musika-tresnak-instruments-de-musique\/\">Musika tresna<\/a> + Bigarren <a href=\"https:\/\/www.iparralai.org\/index.php\/musika-tresnak-instruments-de-musique\/\">Musika tresna<\/a> + <a href=\"https:\/\/www.iparralai.org\/index.php\/musika-tailerra-bakarrik-atelier-musical-seul-formation-e-formakuntza\/\">Atelier musical<\/a><a href=\"https:\/\/www.iparralai.org\/index.php\/antzerkia-le-theatre\/\" target=\"_blank\" rel=\"noopener\">\u00a0ou\u00a0<\/a><a href=\"https:\/\/www.iparralai.org\/index.php\/antzerkia-le-theatre\/\" target=\"_blank\" rel=\"noopener\">Th\u00e9\u00e2tre<\/a>\r\n\r\n<a href=\"https:\/\/www.iparralai.org\/index.php\/musika-tresnak-instruments-de-musique\/\">Instrument de musique<\/a> + 2e <a href=\"https:\/\/www.iparralai.org\/index.php\/musika-tresnak-instruments-de-musique\/\">Instrument de musique<\/a><a href=\"https:\/\/www.iparralai.org\/index.php\/musika-heziketa-formation-musicale\/\">\r\n<\/a><a href=\"https:\/\/www.iparralai.org\/index.php\/musika-tailerra-bakarrik-atelier-musical-seul-formation-e-formakuntza\/\">Atelier musical<\/a>\u00a0ou\u00a0<a href=\"https:\/\/www.iparralai.org\/index.php\/antzerkia-le-theatre\/\" target=\"_blank\" rel=\"noopener\">Th\u00e9\u00e2tre<\/a><\/td>\r\n<td style=\"text-align: center;\">2:00 astero\r\n2h par semaine<\/td>\r\n<td style=\"text-align: center;\">12 urtetik goiti\r\nA partir de 12 ans<\/td>\r\n<\/tr>\r\n<tr>\r\n<td><a href=\"https:\/\/www.iparralai.org\/index.php\/atelier-rencontres-musicales-musika-topaketak-tailerra\/\">Noiztenkako Tailerrak<\/a>\r\n\r\n<a href=\"https:\/\/www.iparralai.org\/index.php\/atelier-rencontres-musicales-musika-topaketak-tailerra\/\">Ateliers occasionnels<\/a><\/td>\r\n<td class=\"has-text-align-center\" style=\"text-align: center;\" data-align=\"center\"><\/td>\r\n<td style=\"text-align: center;\">Erakasle proiektuen arabera\r\n\r\nSelon projet du professeur<\/td>\r\n<td style=\"text-align: center;\">8 ordu urtean\r\n\r\n8 heures dans l&rsquo;ann\u00e9e<\/td>\r\n<td style=\"text-align: center;\">45 \u20ac<\/td>\r\n<\/tr>\r\n<tr>\r\n<td><a href=\"https:\/\/www.iparralai.org\/index.php\/atelier-rencontres-musicales-musika-topaketak-tailerra\/\">Noiztenkako Tailerrak<\/a><a href=\"https:\/\/www.iparralai.org\/index.php\/atelier-rencontres-musicales-musika-topaketak-tailerra\/\">Ateliers occasionnels<\/a><\/td>\r\n<td class=\"has-text-align-center\" style=\"text-align: center;\" data-align=\"center\"><\/td>\r\n<td style=\"text-align: center;\">Erakasle proiektuen arabera\r\n\r\nSelon projet du professeur<\/td>\r\n<td style=\"text-align: center;\">16 ordu urtean\r\n\r\n16 heures dans l&rsquo;ann\u00e9e<\/td>\r\n<td style=\"text-align: center;\">90 \u20ac<\/td>\r\n<\/tr>\r\n<tr>\r\n<td><\/td>\r\n<td class=\"has-text-align-center\" data-align=\"center\">+165\u20ac<\/td>\r\n<td>\r\n<p style=\"text-align: center;\">1\/4 ordu bakarkako tresna kurtsoa gehigarria\r\n1\/4h de cours instrumental individuel suppl\u00e9mentaire<\/p>\r\n<\/td>\r\n<td style=\"text-align: center;\">&#8211;<\/td>\r\n<td style=\"text-align: center;\">12 urtetik goiti\r\nA partir de 12 ans<\/td>\r\n<\/tr>\r\n<\/tbody>\r\n<\/table>\r\n<\/figure>\r\n<\/div>\r\n<div><strong>ORDAINKETA MOLDEAK<\/strong>\r\n<strong><span style=\"color: #ff0000;\">Izena emaitea ordainketa hartzean baizik ez da eraginkorra<\/span><\/strong><\/div>\r\n<div><span style=\"color: #0000ff;\"><strong>Eskudirutan, aldi batez<\/strong><\/span><\/div>\r\n<div><span style=\"color: #0000ff;\"><strong>Banku transferentzia bidez, aldi batez (eskatuz)<\/strong><\/span><\/div>\r\n<div><span style=\"color: #0000ff;\"><strong>Txekez, 1-9 aldiz<\/strong><\/span><\/div>\r\n<div class=\"wp-block-themeisle-blocks-advanced-column\" style=\"text-align: right;\">\r\n<figure class=\"wp-block-table is-style-stripes\"><\/figure>\r\n<strong>MODALIT\u00c9S DE PAIEMENT<\/strong>\r\n<span style=\"color: #ff0000;\"><strong>L&rsquo;inscription n&rsquo;est effective que \u00e0 la r\u00e9ception du paiement<\/strong><\/span>\r\n\r\n<\/div>\r\n<div style=\"text-align: right;\"><span style=\"color: #0000ff;\"><strong>En esp\u00e8ces, en 1 fois<\/strong><\/span><\/div>\r\n<div style=\"text-align: right;\"><span style=\"color: #0000ff;\"><strong>Par virement bancaire, en 1 fois (sur demande)<\/strong><\/span><\/div>\r\n<div style=\"text-align: right;\"><span style=\"color: #0000ff;\"><strong>En ch\u00e8ques, de 1 \u00e0 9 ch\u00e8ques<\/strong><\/span><\/div>\r\n<div><\/div>\r\n<div class=\"wp-block-themeisle-blocks-advanced-column\">Oro har, txekeak honela altxatzen ditugu :<\/div>\r\n<div class=\"wp-block-themeisle-blocks-advanced-column\" style=\"text-align: right;\"><span style=\"color: #000080;\">En r\u00e8gle g\u00e9n\u00e9rale, le d\u00e9p\u00f4t des ch\u00e8ques se fait de cette mani\u00e8re :<\/span><\/div>\r\n<div class=\"wp-block-themeisle-blocks-advanced-column\" style=\"text-align: center;\">1 : <span style=\"color: #000080;\">octobre<\/span> \/\/ urria<\/div>\r\n<div class=\"wp-block-themeisle-blocks-advanced-column\" style=\"text-align: center;\">2 : <span style=\"color: #000080;\">octobre et avril<\/span> \/\/ urria eta apirila<\/div>\r\n<div class=\"wp-block-themeisle-blocks-advanced-column\" style=\"text-align: center;\">3 : <span style=\"color: #000080;\">octobre, janvier et avril<\/span> \/\/ urria, urtarrila eta apirila<\/div>\r\n<div style=\"text-align: center;\">5 : <span style=\"color: #000080;\">tous les 2 mois d&rsquo;octobre \u00e0 juin (octobre, d\u00e9cembre, f\u00e9vrier, avril et juin)<\/span> \/\/bi hilabete guziz urritik ekainera (urria, abendoa, otsaila, apirila eta ekaina)<\/div>\r\n<div style=\"text-align: center;\">9 :<span style=\"color: #000080;\"> tous les mois d&rsquo;octobre \u00e0 juin<\/span> \/\/hilabete guziz urritik ekainera<\/div>\r\n<!-- \/wp:post-content -->","protected":false},"excerpt":{"rendered":"<p>Formation A Formula\u00a0 190\u20ac Antzerkia &#8211; Th\u00e9\u00e2tre ou \/ edo Musika Tailerra &#8211; Atelier Musical 1:00 astero 1h par semaine 6 urtetik goiti A partir de 6 ans Formule B Formula : Musikarien iratzartzea (iniziazioa)Musicien en herbe (initiation) 295\u20ac KANTU edo \/ ou BATUKADATTI + 1\/2 ordu musika tresna entsegua 1\/2h\u00a0 essais d&rsquo;instrument 1:30 astero&hellip;<a href=\"https:\/\/www.iparralai.org\/index.php\/1707-2\/\" class=\"more-link\">Continue reading <span class=\"screen-reader-text\">Prezioak &#8211; Tarifs<\/span><\/a><\/p>\n","protected":false},"author":1,"featured_media":0,"parent":0,"menu_order":0,"comment_status":"closed","ping_status":"closed","template":"page_fullwidth.php","meta":{"footnotes":""},"class_list":["post-1707","page","type-page","status-publish","hentry"],"_links":{"self":[{"href":"https:\/\/www.iparralai.org\/index.php\/wp-json\/wp\/v2\/pages\/1707","targetHints":{"allow":["GET"]}}],"collection":[{"href":"https:\/\/www.iparralai.org\/index.php\/wp-json\/wp\/v2\/pages"}],"about":[{"href":"https:\/\/www.iparralai.org\/index.php\/wp-json\/wp\/v2\/types\/page"}],"author":[{"embeddable":true,"href":"https:\/\/www.iparralai.org\/index.php\/wp-json\/wp\/v2\/users\/1"}],"replies":[{"embeddable":true,"href":"https:\/\/www.iparralai.org\/index.php\/wp-json\/wp\/v2\/comments?post=1707"}],"version-history":[{"count":70,"href":"https:\/\/www.iparralai.org\/index.php\/wp-json\/wp\/v2\/pages\/1707\/revisions"}],"predecessor-version":[{"id":4520,"href":"https:\/\/www.iparralai.org\/index.php\/wp-json\/wp\/v2\/pages\/1707\/revisions\/4520"}],"wp:attachment":[{"href":"https:\/\/www.iparralai.org\/index.php\/wp-json\/wp\/v2\/media?parent=1707"}],"curies":[{"name":"wp","href":"https:\/\/api.w.org\/{rel}","templated":true}]}}