{"id":2428,"date":"2021-06-12T17:34:05","date_gmt":"2021-06-12T15:34:05","guid":{"rendered":"http:\/\/iparralai.org\/?page_id=2428"},"modified":"2025-07-01T14:01:36","modified_gmt":"2025-07-01T12:01:36","slug":"iparralai-orkestra-tailerra-atelier-orchestre-iparralai","status":"publish","type":"page","link":"https:\/\/www.iparralai.org\/index.php\/iparralai-orkestra-tailerra-atelier-orchestre-iparralai\/","title":{"rendered":"IPARRALAI ORKESTRA Tailerra &#8211;  Atelier ORCHESTRE IPARRALAI"},"content":{"rendered":"\r\n<p><strong><a href=\"https:\/\/www.iparralai.org\/?page_id=1707\">Formule A Formula : 190\u20ac &#8211; Formule C \/ D Formula : 475\u20ac &#8211; Formule D&rsquo; Formula : 500\u20ac &#8211; Formule E&rsquo; Formula : 680\u20ac <\/a><\/strong><\/p>\r\n\r\n<p>&nbsp;<\/p>\r\n<p>&nbsp;<\/p>\r\n\r\n<div class=\"wp-block-columns is-layout-flex wp-container-core-columns-is-layout-9d6595d7 wp-block-columns-is-layout-flex\">\r\n<div class=\"wp-block-column is-layout-flow wp-block-column-is-layout-flow\">\r\n<figure class=\"wp-block-image size-full\"><img fetchpriority=\"high\" decoding=\"async\" class=\"alignnone size-medium wp-image-3739\" src=\"https:\/\/www.iparralai.org\/wp-content\/uploads\/2023\/06\/Ludovic-Lerciche-Photo-300x187.jpg\" alt=\"\" width=\"300\" height=\"187\" srcset=\"https:\/\/www.iparralai.org\/wp-content\/uploads\/2023\/06\/Ludovic-Lerciche-Photo-300x187.jpg 300w, https:\/\/www.iparralai.org\/wp-content\/uploads\/2023\/06\/Ludovic-Lerciche-Photo-768x480.jpg 768w, https:\/\/www.iparralai.org\/wp-content\/uploads\/2023\/06\/Ludovic-Lerciche-Photo-750x468.jpg 750w, https:\/\/www.iparralai.org\/wp-content\/uploads\/2023\/06\/Ludovic-Lerciche-Photo.jpg 932w\" sizes=\"(max-width: 300px) 100vw, 300px\" \/><br \/>\r\n<figcaption>Ludovic LERICHE, multi-instrumentiste.<br \/>Responsable de l&rsquo;atelier ORCHESTRE IPARRALAI, \u00e0 Baigorri, les mercredis, francophone<br \/><mark class=\"has-inline-color has-vivid-cyan-blue-color\" style=\"background-color: rgba(0, 0, 0, 0);\">IPARRALAI ORKESTRA tailerraren arduraduna, Baigorrin, asteazkenetan, frantsesduna<br \/><br \/><img decoding=\"async\" class=\"alignnone  wp-image-4533\" src=\"https:\/\/www.iparralai.org\/wp-content\/uploads\/2025\/06\/IMG_0927-300x140.jpg\" alt=\"\" width=\"422\" height=\"197\" srcset=\"https:\/\/www.iparralai.org\/wp-content\/uploads\/2025\/06\/IMG_0927-300x140.jpg 300w, https:\/\/www.iparralai.org\/wp-content\/uploads\/2025\/06\/IMG_0927-1024x477.jpg 1024w, https:\/\/www.iparralai.org\/wp-content\/uploads\/2025\/06\/IMG_0927-768x358.jpg 768w, https:\/\/www.iparralai.org\/wp-content\/uploads\/2025\/06\/IMG_0927-1536x715.jpg 1536w, https:\/\/www.iparralai.org\/wp-content\/uploads\/2025\/06\/IMG_0927-2048x953.jpg 2048w, https:\/\/www.iparralai.org\/wp-content\/uploads\/2025\/06\/IMG_0927-750x349.jpg 750w\" sizes=\"(max-width: 422px) 100vw, 422px\" \/><br \/><\/mark><\/figcaption>\r\n<\/figure>\r\n<\/div>\r\n\r\n\r\n\r\n<div class=\"wp-block-column is-layout-flow wp-block-column-is-layout-flow\">\r\n<div class=\"wp-block-columns is-layout-flex wp-container-core-columns-is-layout-9d6595d7 wp-block-columns-is-layout-flex\">\r\n<div class=\"wp-block-column is-layout-flow wp-block-column-is-layout-flow\">\r\n<h4 class=\"wp-block-heading\"><strong>avec <\/strong>Ludovic LERICHE-<strong>ekin<\/strong><\/h4>\r\n\r\n\r\n\r\n<blockquote class=\"wp-block-quote is-layout-flow wp-block-quote-is-layout-flow\" style=\"font-size: 28px;\">\r\n<h2><strong><sup>\u00ab\u00a0Venez essayer le Rock, le Blues, la Pop, et Vari\u00e9t\u00e9s&#8230;&#8230;. le choix est grand!!!!!\u00a0\u00bb<\/sup><\/strong><\/h2>\r\n<\/blockquote>\r\n\r\n\r\n\r\n<p><strong>Asteazkenetan, 18:30-19:30, Baigorrin, frantsesez.<\/strong><\/p>\r\n<p>\r\n\r\n<\/p>\r\n<p><span class=\"has-inline-color has-vivid-cyan-blue-color\"><strong>Le mercredi de 18h30 \u00e0 19h 30, \u00e0 Baigorri, en fran\u00e7ais.<\/strong><\/span><\/p>\r\n\r\n\r\n\r\n<p class=\"has-vivid-cyan-blue-color has-text-color\"><span style=\"color: #000000;\"><em>Musika tresna guzier idekia da, bigarren urtetik goiti.<\/em><\/span><\/p>\r\n\r\n\r\n\r\n<p><span style=\"color: #3366ff;\"><em>Ouvert \u00e0 tous les instruments \u00e0 partir de la 2e ann\u00e9e.<\/em><\/span><\/p>\r\n\r\n\r\n\r\n<p>&#8212;&#8212;&#8212;&#8212;&#8212;&#8212;&#8212;&#8212;&#8212;&#8212;&#8212;&#8212;&#8212;&#8212;&#8212;&#8212;&#8212;-<\/p>\r\n<p>L&rsquo;atelier Jeu en Groupe r\u00e9unit des \u00e9l\u00e8ves pratiquant diff\u00e9rents instruments afin de jouer ensemble.<br \/>Cet atelier s&rsquo;appuie sur la cr\u00e9ativit\u00e9, le groove, la musicalit\u00e9, la sc\u00e8ne et le travail de groupe.<br \/>Tout instrument est le bienvenue pour venir d\u00e9couvrir le r\u00e9pertoire des musiques actuelles, \u00e0 partir de la 2e ann\u00e9e d&rsquo;instrument.<\/p>\r\n<p><br \/>La pratique musicale collective constitue un moment d&rsquo;\u00e9change et de partage.<br \/>Elle donne le go\u00fbt de la musique , du sens et de la motivation \u00e0 l&rsquo;apprentissage individuel.<\/p>\r\n<p><br \/>Alors venez essayer!!!!!<\/p>\r\n\r\n\r\n<\/div>\r\n<\/div>\r\n\r\n\r\n\r\n<div class=\"wp-block-columns is-layout-flex wp-container-core-columns-is-layout-9d6595d7 wp-block-columns-is-layout-flex\">\r\n\r\n<\/div>\r\n<\/div>\r\n<\/div>\r\n\r\n\r\n\r\n<div class=\"wp-block-columns is-layout-flex wp-container-core-columns-is-layout-9d6595d7 wp-block-columns-is-layout-flex\"><\/div>\r\n\r\n\r\n\r\n\r\n\r\n<div id=\"wp-block-themeisle-blocks-advanced-columns-a08467b8\" class=\"wp-block-themeisle-blocks-advanced-columns has-2-columns has-desktop-equal-layout has-tablet-equal-layout has-mobile-collapsedRows-layout has-default-gap has-vertical-unset\">\r\n<div class=\"innerblocks-wrap\">\r\n<div id=\"wp-block-themeisle-blocks-advanced-column-a9804352\" class=\"wp-block-themeisle-blocks-advanced-column\"><\/div>\r\n<\/div>\r\n","protected":false},"excerpt":{"rendered":"<p>Formule A Formula : 190\u20ac &#8211; Formule C \/ D Formula : 475\u20ac &#8211; Formule D&rsquo; Formula : 500\u20ac &#8211; Formule E&rsquo; Formula : 680\u20ac &nbsp; &nbsp; avec Ludovic LERICHE-ekin \u00ab\u00a0Venez essayer le Rock, le Blues, la Pop, et Vari\u00e9t\u00e9s&#8230;&#8230;. le choix est grand!!!!!\u00a0\u00bb Asteazkenetan, 18:30-19:30, Baigorrin, frantsesez. Le mercredi de 18h30 \u00e0 19h 30,&hellip;<a href=\"https:\/\/www.iparralai.org\/index.php\/iparralai-orkestra-tailerra-atelier-orchestre-iparralai\/\" class=\"more-link\">Continue reading <span class=\"screen-reader-text\">IPARRALAI ORKESTRA Tailerra &#8211;  Atelier ORCHESTRE IPARRALAI<\/span><\/a><\/p>\n","protected":false},"author":1,"featured_media":0,"parent":0,"menu_order":0,"comment_status":"closed","ping_status":"closed","template":"page_fullwidth.php","meta":{"footnotes":""},"class_list":["post-2428","page","type-page","status-publish","hentry"],"_links":{"self":[{"href":"https:\/\/www.iparralai.org\/index.php\/wp-json\/wp\/v2\/pages\/2428","targetHints":{"allow":["GET"]}}],"collection":[{"href":"https:\/\/www.iparralai.org\/index.php\/wp-json\/wp\/v2\/pages"}],"about":[{"href":"https:\/\/www.iparralai.org\/index.php\/wp-json\/wp\/v2\/types\/page"}],"author":[{"embeddable":true,"href":"https:\/\/www.iparralai.org\/index.php\/wp-json\/wp\/v2\/users\/1"}],"replies":[{"embeddable":true,"href":"https:\/\/www.iparralai.org\/index.php\/wp-json\/wp\/v2\/comments?post=2428"}],"version-history":[{"count":17,"href":"https:\/\/www.iparralai.org\/index.php\/wp-json\/wp\/v2\/pages\/2428\/revisions"}],"predecessor-version":[{"id":4709,"href":"https:\/\/www.iparralai.org\/index.php\/wp-json\/wp\/v2\/pages\/2428\/revisions\/4709"}],"wp:attachment":[{"href":"https:\/\/www.iparralai.org\/index.php\/wp-json\/wp\/v2\/media?parent=2428"}],"curies":[{"name":"wp","href":"https:\/\/api.w.org\/{rel}","templated":true}]}}