{"id":2767,"date":"2021-07-22T15:46:50","date_gmt":"2021-07-22T13:46:50","guid":{"rendered":"https:\/\/www.iparralai.org\/?page_id=2767"},"modified":"2025-06-26T12:38:01","modified_gmt":"2025-06-26T10:38:01","slug":"musika-heziketa-formation-musicale","status":"publish","type":"page","link":"https:\/\/www.iparralai.org\/index.php\/musika-heziketa-formation-musicale\/","title":{"rendered":"MUSIKA HEZIKETA &#8211; FORMATION MUSICALE"},"content":{"rendered":"\r\n<div class=\"wp-block-columns is-layout-flex wp-container-core-columns-is-layout-9d6595d7 wp-block-columns-is-layout-flex\">\r\n<div class=\"wp-block-column is-layout-flow wp-block-column-is-layout-flow\" style=\"text-align: left;\">\r\n<h2 class=\"wp-block-heading\">LA TH\u00c9ORIE AU SERVICE DE LA PRATIQUE<\/h2>\r\n\r\n\r\n\r\n<p style=\"font-size: 28px;\"><strong>EN FORMATION C :<\/strong><\/p>\r\n\r\n\r\n\r\n<ul class=\"wp-block-list\">\r\n<li><strong>FM : cours en fran\u00e7ais<\/strong> <strong>\u2013 MH : cours en basque.<\/strong> A partir de 8 ans<\/li>\r\n<\/ul>\r\n\r\n\r\n\r\n<p><sup>Ex : FM11 (formation musicale 1e cycle, 1e ann\u00e9e) FM12 (formation musicale 1e cycle, 2e ann\u00e9e) etc\u2026,<\/sup><\/p>\r\n\r\n\r\n\r\n<p><sup>MH11 (musika heziketa 1e cycle, 1e ann\u00e9e), MH12 (musika heziketa 1e cycle, 2e ann\u00e9e) etc\u2026<\/sup><\/p>\r\n\r\n\r\n\r\n<p><sup>Selon les effectifs, 2 cours du m\u00eame niveau pourraient \u00eatre r\u00e9unis, dans ce cas il s\u2019appelerait MH\/FM et serait bilingue.<\/sup><\/p>\r\n\r\n\r\n\r\n<ul class=\"wp-block-list\">\r\n<li>FM11 : Mardi 17h30 \u00e0 18h30, Baigorri avec Emmanuelle GENTIEN<\/li>\r\n<\/ul>\r\n\r\n\r\n\r\n<ul class=\"wp-block-list\">\r\n<li>FM12 : Jeudi 17h30 \u00e0 18h30, Saint Jean le Vieux avec Emmanuelle GENTIEN<\/li>\r\n<\/ul>\r\n\r\n\r\n\r\n<ul class=\"wp-block-list\">\r\n<li>FM13 : Jeudi 18h30 \u00e0 19h30, Saint Jean le Vieux avec Emmanuelle GENTIEN<\/li>\r\n<\/ul>\r\n\r\n\r\n\r\n<ul class=\"wp-block-list\">\r\n<li>FM14 : Mardi 18h30 \u00e0 19h30, Baigorri avec Emmanuelle GENTIEN<\/li>\r\n<\/ul>\r\n\r\n\r\n&#8212;&#8212;&#8212;&#8212;&#8212;&#8212;&#8212;&#8212;&#8212;&#8212;&#8212;&#8212;&#8212;&#8212; \r\n\r\n\r\n\r\n\r\n<ul class=\"wp-block-list\">\r\n<li>MH11 : Mercredi 14h \u00e0 15h, Saint Jean le Vieux avec Marie ERRECART<\/li>\r\n<\/ul>\r\n\r\n\r\n\r\n<ul class=\"wp-block-list\">\r\n<li>MH12 : Mercredi 15h \u00e0 16h, Saint Jean le Vieux avec Marie ERRECART<\/li>\r\n<\/ul>\r\n\r\n\r\n\r\n<ul class=\"wp-block-list\">\r\n<li>MH13 : Mercredi 16h \u00e0 17h, Saint Jean le Vieux avec Marie ERRECART<\/li>\r\n<\/ul>\r\n\r\n\r\n\r\n<ul class=\"wp-block-list\">\r\n<li>MH14 : Mercredi 17h \u00e0 18h, Saint Jean le Vieux avec Marie ERRECART<\/li>\r\n<\/ul>\r\n\r\n\r\n\r\n<p>&nbsp;<\/p>\r\n<\/div>\r\n\r\n\r\n\r\n<div class=\"wp-block-column is-layout-flow wp-block-column-is-layout-flow\">\r\n<h2 class=\"has-vivid-cyan-blue-color has-text-color wp-block-heading\">HIZKUNTZA PRAKTIKAREN ZERBITZUAN<\/h2>\r\n\r\n\r\n\r\n<p class=\"has-vivid-cyan-blue-color has-text-color\" style=\"font-size: 28px;\"><strong>C FORMAKUNTZAN :<\/strong><\/p>\r\n\r\n\r\n\r\n<ul class=\"has-vivid-cyan-blue-color has-text-color wp-block-list\">\r\n<li><strong>FM : frantsesez \u2013 MH : euskaraz.<\/strong> 8 urtetik goiti.<\/li>\r\n<\/ul>\r\n\r\n\r\n\r\n<p class=\"has-vivid-cyan-blue-color has-text-color\"><sup>Adb : FM11 (formation musicale 1e zikloa, 1e urtea), FM12 (formation musicale 1e zikloa, 2e urtea) etab\u2026,<\/sup><\/p>\r\n\r\n\r\n\r\n<p class=\"has-vivid-cyan-blue-color has-text-color\"><sup>MH11 (musika heziketa 1e zikloa, 1e urtea), MH12 (musika heziketa 1e zikloa, 2e urtea) etab\u2026<\/sup><\/p>\r\n\r\n\r\n\r\n<p class=\"has-vivid-cyan-blue-color has-text-color\"><sup>Ikasleren kopuruaren arabera, 2 ber mailako kurtsoak batuak izan litezke, kasu horretan MH\/FM deitua izan liteke eta elebidunez liteke.<\/sup><\/p>\r\n\r\n\r\n\r\n<ul class=\"has-vivid-cyan-blue-color has-text-color wp-block-list\">\r\n<li>FM11 : Asteartea 17:30-18:30, Baigorri, Emmanuelle GENTIENekin<\/li>\r\n<\/ul>\r\n\r\n\r\n\r\n<ul class=\"has-vivid-cyan-blue-color has-text-color wp-block-list\">\r\n<li>FM12 : Osteguna 17:30-18:30, Donazaharre, Emmanuelle GENTIENekin<\/li>\r\n<\/ul>\r\n\r\n\r\n\r\n<ul class=\"has-vivid-cyan-blue-color has-text-color wp-block-list\">\r\n<li>FM13 : Osteguna 18:30-19:30, Donazaharre, Emmanuelle GENTIENekin<\/li>\r\n<\/ul>\r\n\r\n\r\n\r\n<ul class=\"has-vivid-cyan-blue-color has-text-color wp-block-list\">\r\n<li>FM14 : Asteartea 18:30-19:30, Baigorri, Emmanuelle GENTIENekin<\/li>\r\n<\/ul>\r\n\r\n\r\n\r\n<ul class=\"has-vivid-cyan-blue-color has-text-color wp-block-list\">&#8212;&#8212;&#8212;&#8212;&#8212;&#8212;&#8212;&#8212;&#8212;&#8212;&#8212;&#8212;&#8212;&#8212;-<\/ul>\r\n\r\n\r\n\r\n\r\n\r\n<ul class=\"has-vivid-cyan-blue-color has-text-color wp-block-list\">\r\n<li>MH11 : Asteazkena 14:00-15:00, Donazaharre, Marie ERRECARTekin<\/li>\r\n<\/ul>\r\n\r\n\r\n\r\n<ul class=\"has-vivid-cyan-blue-color has-text-color wp-block-list\">\r\n<li>MH12 : Asteazkena 15:00-16:00, Donazaharre, Marie ERRECARTekin<\/li>\r\n<\/ul>\r\n\r\n\r\n\r\n<ul class=\"has-vivid-cyan-blue-color has-text-color wp-block-list\">\r\n<li>MH13 : Asteazkena 16:00-17:00, Donazaharre, Marie ERRECARTekin<\/li>\r\n<\/ul>\r\n\r\n\r\n\r\n<ul class=\"has-vivid-cyan-blue-color has-text-color wp-block-list\">\r\n<li>MH14 : Asteazkena 17:00-18:00, Donazaharre, Marie ERRECARTekin<\/li>\r\n<\/ul>\r\n\r\n\r\n\r\n<ul class=\"has-vivid-cyan-blue-color has-text-color wp-block-list\">\r\n<li style=\"list-style-type: none;\">\r\n<ul class=\"has-vivid-cyan-blue-color has-text-color\">\r\n\r\n<\/ul>\r\n<\/li>\r\n<\/ul>\r\n<ul class=\"has-vivid-cyan-blue-color has-text-color wp-block-list\">\r\n<li style=\"list-style-type: none;\">\r\n<ul class=\"has-vivid-cyan-blue-color has-text-color\">\r\n<li style=\"list-style-type: none;\">\u00a0<\/li>\r\n\r\n\r\n\r\n<li style=\"list-style-type: none;\">\u00a0<\/li>\r\n\r\n\r\n\r\n<li style=\"list-style-type: none;\">\u00a0<\/li>\r\n\r\n\r\n\r\n<li style=\"list-style-type: none;\">\u00a0<\/li>\r\n\r\n\r\n\r\n<li style=\"list-style-type: none;\">\u00a0<\/li>\r\n\r\n\r\n\r\n<li style=\"list-style-type: none;\">\u00a0<\/li>\r\n\r\n\r\n\r\n\r\n<\/ul>\r\n<\/li>\r\n<\/ul>\r\n<p>&nbsp;<\/p>\r\n<ul class=\"has-vivid-cyan-blue-color has-text-color\"><\/ul>\r\n<\/div>\r\n<\/div>\r\n","protected":false},"excerpt":{"rendered":"<p>LA TH\u00c9ORIE AU SERVICE DE LA PRATIQUE EN FORMATION C : FM : cours en fran\u00e7ais \u2013 MH : cours en basque. A partir de 8 ans Ex : FM11 (formation musicale 1e cycle, 1e ann\u00e9e) FM12 (formation musicale 1e cycle, 2e ann\u00e9e) etc\u2026, MH11 (musika heziketa 1e cycle, 1e ann\u00e9e), MH12 (musika heziketa 1e&hellip;<a href=\"https:\/\/www.iparralai.org\/index.php\/musika-heziketa-formation-musicale\/\" class=\"more-link\">Continue reading <span class=\"screen-reader-text\">MUSIKA HEZIKETA &#8211; FORMATION MUSICALE<\/span><\/a><\/p>\n","protected":false},"author":1,"featured_media":0,"parent":0,"menu_order":0,"comment_status":"closed","ping_status":"closed","template":"page_fullwidth.php","meta":{"footnotes":""},"class_list":["post-2767","page","type-page","status-publish","hentry"],"_links":{"self":[{"href":"https:\/\/www.iparralai.org\/index.php\/wp-json\/wp\/v2\/pages\/2767","targetHints":{"allow":["GET"]}}],"collection":[{"href":"https:\/\/www.iparralai.org\/index.php\/wp-json\/wp\/v2\/pages"}],"about":[{"href":"https:\/\/www.iparralai.org\/index.php\/wp-json\/wp\/v2\/types\/page"}],"author":[{"embeddable":true,"href":"https:\/\/www.iparralai.org\/index.php\/wp-json\/wp\/v2\/users\/1"}],"replies":[{"embeddable":true,"href":"https:\/\/www.iparralai.org\/index.php\/wp-json\/wp\/v2\/comments?post=2767"}],"version-history":[{"count":23,"href":"https:\/\/www.iparralai.org\/index.php\/wp-json\/wp\/v2\/pages\/2767\/revisions"}],"predecessor-version":[{"id":4436,"href":"https:\/\/www.iparralai.org\/index.php\/wp-json\/wp\/v2\/pages\/2767\/revisions\/4436"}],"wp:attachment":[{"href":"https:\/\/www.iparralai.org\/index.php\/wp-json\/wp\/v2\/media?parent=2767"}],"curies":[{"name":"wp","href":"https:\/\/api.w.org\/{rel}","templated":true}]}}