{"id":4617,"date":"2025-07-08T17:50:31","date_gmt":"2025-07-08T15:50:31","guid":{"rendered":"https:\/\/www.iparralai.org\/?page_id=4617"},"modified":"2025-07-15T17:28:46","modified_gmt":"2025-07-15T15:28:46","slug":"gitarra-klasikoa-guitare-classique","status":"publish","type":"page","link":"https:\/\/www.iparralai.org\/index.php\/gitarra-klasikoa-guitare-classique\/","title":{"rendered":"Gitarra Klasikoa &#8211; Guitare Classique"},"content":{"rendered":"<p><strong><a href=\"https:\/\/www.iparralai.org\/?page_id=1707\">Formule C \/ D Formula : 475\u20ac \u2013\u00a0<\/a><a href=\"https:\/\/www.iparralai.org\/?page_id=1707\">Formule\u00a0<\/a><a href=\"https:\/\/www.iparralai.org\/?page_id=1707\">D\u2019\u00a0<\/a><a href=\"https:\/\/www.iparralai.org\/?page_id=1707\">Formula\u00a0<\/a><a href=\"https:\/\/www.iparralai.org\/?page_id=1707\">: 500\u20ac \u2013\u00a0<\/a><a href=\"https:\/\/www.iparralai.org\/?page_id=1707\">Formule\u00a0<\/a><a href=\"https:\/\/www.iparralai.org\/?page_id=1707\">E\u00a0<\/a><a href=\"https:\/\/www.iparralai.org\/?page_id=1707\">Formula\u00a0<\/a><a href=\"https:\/\/www.iparralai.org\/?page_id=1707\">: 350\u20ac \u2013\u00a0<\/a><a href=\"https:\/\/www.iparralai.org\/?page_id=1707\">Formule\u00a0<\/a><a href=\"https:\/\/www.iparralai.org\/?page_id=1707\">E\u2019\u00a0<\/a><a href=\"https:\/\/www.iparralai.org\/?page_id=1707\">Formula\u00a0<\/a><a href=\"https:\/\/www.iparralai.org\/?page_id=1707\">: 680\u20ac<\/a><\/strong><\/p>\r\n<p>&nbsp;<\/p>\r\n<!-- \/wp:post-content -->\r\n\r\n<!-- wp:heading {\"textAlign\":\"left\",\"textColor\":\"black\"} \/-->\r\n\r\n<!-- wp:columns -->\r\n<div class=\"wp-block-columns\"><!-- wp:column -->\r\n<div class=\"wp-block-column\"><!-- wp:image {\"id\":1248,\"width\":295,\"height\":453} --><img fetchpriority=\"high\" decoding=\"async\" class=\"alignnone wp-image-4727 size-medium\" src=\"https:\/\/www.iparralai.org\/wp-content\/uploads\/2025\/07\/IDIART-Xan-227x300.jpeg\" alt=\"\" width=\"227\" height=\"300\" srcset=\"https:\/\/www.iparralai.org\/wp-content\/uploads\/2025\/07\/IDIART-Xan-227x300.jpeg 227w, https:\/\/www.iparralai.org\/wp-content\/uploads\/2025\/07\/IDIART-Xan.jpeg 739w\" sizes=\"(max-width: 227px) 100vw, 227px\" \/>\r\n<figure class=\"wp-block-image is-resized\"><\/figure>\r\n<!-- \/wp:image -->\r\n\r\n<!-- wp:image {\"id\":3980,\"sizeSlug\":\"full\",\"linkDestination\":\"none\"} -->\r\n<figure class=\"wp-block-image size-full\">\r\n<figcaption>Xan IDIART,<br \/>Erakaslea, ostiraletan eta larunbatetan Donazaharren, <br \/>Euskalduna eta frantsesduna<br \/><span style=\"color: #3366ff;\">Prof les vendredis et samedis \u00e0 Saint Jean le Vieux, <\/span><br \/><span style=\"color: #3366ff;\">Bascophone et francophone<\/span><br \/>\r\n<div class=\"wp-block-column\">\r\n<div class=\"wp-block-buttons\">\r\n<div class=\"wp-block-button\">\u00a0<\/div>\r\n<!-- \/wp:image --><\/div>\r\n<!-- \/wp:column --><\/div>\r\n<mark class=\"has-inline-color has-vivid-cyan-blue-color\" style=\"background-color: rgba(0, 0, 0, 0);\"><mark class=\"has-inline-color has-vivid-cyan-blue-color\" style=\"background-color: rgba(0, 0, 0, 0);\"><!-- \/wp:columns -->\r\n\r\n<!-- wp:column --><\/mark><\/mark>\r\n<div class=\"wp-block-column\">\r\n<h4><strong>avec <\/strong>Xan IDIART-<strong>ekin<\/strong><\/h4>\r\n<\/div>\r\n<\/figcaption>\r\n<\/figure>\r\n<div class=\"wp-block-column\"><em><strong>\u00ab\u00a0Gitarra orkestra ttipia da\u00a0\u00bb<\/strong><\/em><\/div>\r\n<div class=\"wp-block-column\">\r\n<div>\u00a0<\/div>\r\n<div>Iparralaik musikarako zaletasuna eman zidan ttipitan eta izan nituen irakasleak gogoan harturik, orain eni dagokit transmisio lan eder hori egitea. \u00ab\u00a0Gitarra orkestra ttipia da\u00a0\u00bb erran zuen Andre Segoviak, beraz kurtsoak proposatzen ditut zuek klasikoa jotzen ikas dezazuen su bazterrean neguan zein baratze aldean udako gauetan.<\/div>\r\n<div>\u00a0<\/div>\r\n<div><span style=\"color: #3366ff;\">L&rsquo;association Iparralai m&rsquo;a donn\u00e9 le go\u00fbt de la musique tout petit. L&rsquo;enseignement de mes professeurs est encore bien ancr\u00e9 en moi et c&rsquo;est \u00e0 mon tour de transmettre. Andre Segovia disait : \u00ab\u00a0la guitare est un petit orchestre\u00a0\u00bb.\u00a0 Je vous propose donc d&rsquo;apprendre la guitare classique pour jouer au coin du feu en hiver ou dans votre jardin les soirs d&rsquo;\u00e9t\u00e9.\u00a0<\/span><\/div>\r\n<\/div>\r\n<\/div>\r\n<\/div>","protected":false},"excerpt":{"rendered":"<p>Formule C \/ D Formula : 475\u20ac \u2013\u00a0Formule\u00a0D\u2019\u00a0Formula\u00a0: 500\u20ac \u2013\u00a0Formule\u00a0E\u00a0Formula\u00a0: 350\u20ac \u2013\u00a0Formule\u00a0E\u2019\u00a0Formula\u00a0: 680\u20ac &nbsp; Xan IDIART,Erakaslea, ostiraletan eta larunbatetan Donazaharren, Euskalduna eta frantsesdunaProf les vendredis et samedis \u00e0 Saint Jean le Vieux, Bascophone et francophone \u00a0 avec Xan IDIART-ekin \u00ab\u00a0Gitarra orkestra ttipia da\u00a0\u00bb \u00a0 Iparralaik musikarako zaletasuna eman zidan ttipitan eta izan nituen irakasleak gogoan&hellip;<a href=\"https:\/\/www.iparralai.org\/index.php\/gitarra-klasikoa-guitare-classique\/\" class=\"more-link\">Continue reading <span class=\"screen-reader-text\">Gitarra Klasikoa &#8211; Guitare Classique<\/span><\/a><\/p>\n","protected":false},"author":1,"featured_media":0,"parent":0,"menu_order":0,"comment_status":"closed","ping_status":"closed","template":"page_fullwidth.php","meta":{"footnotes":""},"class_list":["post-4617","page","type-page","status-publish","hentry"],"_links":{"self":[{"href":"https:\/\/www.iparralai.org\/index.php\/wp-json\/wp\/v2\/pages\/4617","targetHints":{"allow":["GET"]}}],"collection":[{"href":"https:\/\/www.iparralai.org\/index.php\/wp-json\/wp\/v2\/pages"}],"about":[{"href":"https:\/\/www.iparralai.org\/index.php\/wp-json\/wp\/v2\/types\/page"}],"author":[{"embeddable":true,"href":"https:\/\/www.iparralai.org\/index.php\/wp-json\/wp\/v2\/users\/1"}],"replies":[{"embeddable":true,"href":"https:\/\/www.iparralai.org\/index.php\/wp-json\/wp\/v2\/comments?post=4617"}],"version-history":[{"count":13,"href":"https:\/\/www.iparralai.org\/index.php\/wp-json\/wp\/v2\/pages\/4617\/revisions"}],"predecessor-version":[{"id":4754,"href":"https:\/\/www.iparralai.org\/index.php\/wp-json\/wp\/v2\/pages\/4617\/revisions\/4754"}],"wp:attachment":[{"href":"https:\/\/www.iparralai.org\/index.php\/wp-json\/wp\/v2\/media?parent=4617"}],"curies":[{"name":"wp","href":"https:\/\/api.w.org\/{rel}","templated":true}]}}